{"id":3336,"date":"2025-07-23T12:13:05","date_gmt":"2025-07-23T12:13:05","guid":{"rendered":"https:\/\/kivikstaging.hemsida.eu\/?page_id=3336"},"modified":"2026-02-20T11:20:44","modified_gmt":"2026-02-20T11:20:44","slug":"stockholm","status":"publish","type":"page","link":"https:\/\/kiviksmusteri.se\/en\/besok-oss\/stockholm\/","title":{"rendered":"Visit us in Stockholm"},"content":{"rendered":"\t\t<div data-elementor-type=\"wp-page\" data-elementor-id=\"3336\" class=\"elementor elementor-3336\" data-elementor-post-type=\"page\">\n\t\t\t\t<div class=\"elementor-element elementor-element-7398bd0f e-flex e-con-boxed tmpcoder-jarallax-no tmpcoder-parallax-no tmpcoder-particle-no tmpcoder-sticky-section-no e-con e-parent\" data-id=\"7398bd0f\" data-element_type=\"container\" data-e-type=\"container\" data-settings=\"{&quot;background_background&quot;:&quot;classic&quot;,&quot;background_motion_fx_motion_fx_scrolling&quot;:&quot;yes&quot;,&quot;background_motion_fx_translateY_effect&quot;:&quot;yes&quot;,&quot;background_motion_fx_translateY_speed&quot;:{&quot;unit&quot;:&quot;px&quot;,&quot;size&quot;:4.4,&quot;sizes&quot;:[]},&quot;background_motion_fx_devices&quot;:[&quot;widescreen&quot;,&quot;desktop&quot;,&quot;laptop&quot;],&quot;background_motion_fx_translateY_affectedRange&quot;:{&quot;unit&quot;:&quot;%&quot;,&quot;size&quot;:&quot;&quot;,&quot;sizes&quot;:{&quot;start&quot;:0,&quot;end&quot;:100}}}\">\n\t\t\t\t\t<div class=\"e-con-inner\">\n\t\t\t\t<div class=\"elementor-element elementor-element-15b20999 elementor-invisible elementor-widget elementor-widget-heading\" data-id=\"15b20999\" data-element_type=\"widget\" data-e-type=\"widget\" data-settings=\"{&quot;motion_fx_motion_fx_scrolling&quot;:&quot;yes&quot;,&quot;motion_fx_translateY_effect&quot;:&quot;yes&quot;,&quot;motion_fx_translateY_direction&quot;:&quot;negative&quot;,&quot;motion_fx_translateY_speed&quot;:{&quot;unit&quot;:&quot;px&quot;,&quot;size&quot;:0.8,&quot;sizes&quot;:[]},&quot;_animation&quot;:&quot;fadeInUp&quot;,&quot;_animation_delay&quot;:500,&quot;motion_fx_devices&quot;:[&quot;widescreen&quot;,&quot;desktop&quot;,&quot;laptop&quot;],&quot;motion_fx_translateY_affectedRange&quot;:{&quot;unit&quot;:&quot;%&quot;,&quot;size&quot;:&quot;&quot;,&quot;sizes&quot;:{&quot;start&quot;:0,&quot;end&quot;:100}}}\" data-widget_type=\"heading.default\">\n\t\t\t\t<div class=\"elementor-widget-container\">\n\t\t\t\t\t<h2 class=\"elementor-heading-title elementor-size-default\">Upplev \u00d6sterlen p\u00e5 S\u00f6dermalm<\/h2>\t\t\t\t<\/div>\n\t\t\t\t<\/div>\n\t\t\t\t<div class=\"elementor-element elementor-element-7ca4af7e elementor-invisible elementor-widget elementor-widget-heading\" data-id=\"7ca4af7e\" data-element_type=\"widget\" data-e-type=\"widget\" data-settings=\"{&quot;motion_fx_motion_fx_scrolling&quot;:&quot;yes&quot;,&quot;motion_fx_translateY_effect&quot;:&quot;yes&quot;,&quot;motion_fx_translateY_direction&quot;:&quot;negative&quot;,&quot;motion_fx_translateY_speed&quot;:{&quot;unit&quot;:&quot;px&quot;,&quot;size&quot;:0.8,&quot;sizes&quot;:[]},&quot;_animation&quot;:&quot;fadeInUp&quot;,&quot;_animation_delay&quot;:800,&quot;motion_fx_devices&quot;:[&quot;widescreen&quot;,&quot;desktop&quot;,&quot;laptop&quot;],&quot;motion_fx_translateY_affectedRange&quot;:{&quot;unit&quot;:&quot;%&quot;,&quot;size&quot;:&quot;&quot;,&quot;sizes&quot;:{&quot;start&quot;:0,&quot;end&quot;:100}}}\" data-widget_type=\"heading.default\">\n\t\t\t\t<div class=\"elementor-widget-container\">\n\t\t\t\t\t<h1 class=\"elementor-heading-title elementor-size-default\">Bes\u00f6k oss i Stockholm<\/h1>\t\t\t\t<\/div>\n\t\t\t\t<\/div>\n\t\t\t\t\t<\/div>\n\t\t\t\t<\/div>\n\t\t<div class=\"elementor-element elementor-element-76a7b858 e-flex e-con-boxed tmpcoder-jarallax-no tmpcoder-parallax-no tmpcoder-particle-no tmpcoder-sticky-section-no e-con e-parent\" data-id=\"76a7b858\" data-element_type=\"container\" data-e-type=\"container\" data-settings=\"{&quot;background_background&quot;:&quot;classic&quot;}\">\n\t\t\t\t\t<div class=\"e-con-inner\">\n\t\t<div class=\"elementor-element elementor-element-127a8b9b e-con-full e-flex tmpcoder-jarallax-no tmpcoder-parallax-no tmpcoder-particle-no tmpcoder-sticky-section-no elementor-invisible e-con e-child\" data-id=\"127a8b9b\" data-element_type=\"container\" data-e-type=\"container\" data-settings=\"{&quot;animation&quot;:&quot;fadeIn&quot;,&quot;animation_delay&quot;:300,&quot;background_background&quot;:&quot;classic&quot;}\">\n\t\t\t\t<div class=\"elementor-element elementor-element-056e8fc elementor-widget elementor-widget-image\" data-id=\"056e8fc\" data-element_type=\"widget\" data-e-type=\"widget\" data-widget_type=\"image.default\">\n\t\t\t\t<div class=\"elementor-widget-container\">\n\t\t\t\t\t\t\t\t\t\t\t\t\t\t\t<img decoding=\"async\" width=\"800\" height=\"450\" src=\"https:\/\/kiviksmusteri.se\/wp-content\/uploads\/2025\/07\/musteributiken-stockholm-scaled-1-1-1024x576.jpg\" class=\"attachment-large size-large wp-image-3197\" alt=\"\" srcset=\"https:\/\/kiviksmusteri.se\/wp-content\/uploads\/2025\/07\/musteributiken-stockholm-scaled-1-1-1024x576.jpg 1024w, https:\/\/kiviksmusteri.se\/wp-content\/uploads\/2025\/07\/musteributiken-stockholm-scaled-1-1-300x169.jpg 300w, https:\/\/kiviksmusteri.se\/wp-content\/uploads\/2025\/07\/musteributiken-stockholm-scaled-1-1-600x338.jpg 600w, https:\/\/kiviksmusteri.se\/wp-content\/uploads\/2025\/07\/musteributiken-stockholm-scaled-1-1-768x432.jpg 768w, https:\/\/kiviksmusteri.se\/wp-content\/uploads\/2025\/07\/musteributiken-stockholm-scaled-1-1-1536x864.jpg 1536w, https:\/\/kiviksmusteri.se\/wp-content\/uploads\/2025\/07\/musteributiken-stockholm-scaled-1-1-2048x1152.jpg 2048w\" sizes=\"(max-width: 800px) 100vw, 800px\" \/>\t\t\t\t\t\t\t\t\t\t\t\t\t\t\t<\/div>\n\t\t\t\t<\/div>\n\t\t\t\t<\/div>\n\t\t<div class=\"elementor-element elementor-element-11a14f9 e-con-full e-flex tmpcoder-jarallax-no tmpcoder-parallax-no tmpcoder-particle-no tmpcoder-sticky-section-no elementor-invisible e-con e-child\" data-id=\"11a14f9\" data-element_type=\"container\" data-e-type=\"container\" data-settings=\"{&quot;animation&quot;:&quot;fadeIn&quot;,&quot;animation_delay&quot;:500}\">\n\t\t\t\t<div class=\"elementor-element elementor-element-9d7ac59 elementor-widget elementor-widget-heading\" data-id=\"9d7ac59\" data-element_type=\"widget\" data-e-type=\"widget\" data-widget_type=\"heading.default\">\n\t\t\t\t<div class=\"elementor-widget-container\">\n\t\t\t\t\t<h5 class=\"elementor-heading-title elementor-size-default\">V\u00e4lkommen till v\u00e5r v\u00e4rld!\n<\/h5>\t\t\t\t<\/div>\n\t\t\t\t<\/div>\n\t\t\t\t<div class=\"elementor-element elementor-element-36fa3719 elementor-widget elementor-widget-heading\" data-id=\"36fa3719\" data-element_type=\"widget\" data-e-type=\"widget\" data-widget_type=\"heading.default\">\n\t\t\t\t<div class=\"elementor-widget-container\">\n\t\t\t\t\t<h2 class=\"elementor-heading-title elementor-size-default\">Musteributiken i Stockholm\n<\/h2>\t\t\t\t<\/div>\n\t\t\t\t<\/div>\n\t\t\t\t<div class=\"elementor-element elementor-element-3443307c elementor-widget elementor-widget-text-editor\" data-id=\"3443307c\" data-element_type=\"widget\" data-e-type=\"widget\" data-widget_type=\"text-editor.default\">\n\t\t\t\t<div class=\"elementor-widget-container\">\n\t\t\t\t\t\t\t\t\t<p>Intresset f\u00f6r svenskproducerade produkter \u00f6kar mer och mer, och det genuina hantverket som ligger bakom \u00e4ppelodling, sk\u00f6rd och kunskapen kring hur olika smaker kan kombineras p\u00e5 b\u00e4sta s\u00e4tt uppskattas av konsumenter. Till v\u00e5r nya butik i Stockholm kan du komma f\u00f6r att hitta just detta, och f\u00e5 inspiration, tips och botanisera bland v\u00e5ra olika produkter.<\/p><p>Tel:\u00a0<a href=\"tel:0856047599\">08 560 475 99<\/a><br \/><em>Adress: Maria Pr\u00e4stg\u00e5rdsgatan 15A, Stockholm.<\/em><\/p><p><em>Musteributiken \u00e4r kontantfri.<\/em><\/p>\t\t\t\t\t\t\t\t<\/div>\n\t\t\t\t<\/div>\n\t\t\t\t<div class=\"elementor-element elementor-element-b53e5b0 elementor-align-left elementor-widget elementor-widget-button\" data-id=\"b53e5b0\" data-element_type=\"widget\" data-e-type=\"widget\" data-widget_type=\"button.default\">\n\t\t\t\t<div class=\"elementor-widget-container\">\n\t\t\t\t\t\t\t\t\t<div class=\"elementor-button-wrapper\">\n\t\t\t\t\t<a class=\"elementor-button elementor-button-link elementor-size-sm elementor-animation-shrink\" href=\"\/besok-oss\/oppettider\/\">\n\t\t\t\t\t\t<span class=\"elementor-button-content-wrapper\">\n\t\t\t\t\t\t\t\t\t<span class=\"elementor-button-text\">Se v\u00e5ra \u00f6ppettider<\/span>\n\t\t\t\t\t<\/span>\n\t\t\t\t\t<\/a>\n\t\t\t\t<\/div>\n\t\t\t\t\t\t\t\t<\/div>\n\t\t\t\t<\/div>\n\t\t\t\t<\/div>\n\t\t\t\t\t<\/div>\n\t\t\t\t<\/div>\n\t\t<div class=\"elementor-element elementor-element-c9fc1b7 e-flex e-con-boxed tmpcoder-jarallax-no tmpcoder-parallax-no tmpcoder-particle-no tmpcoder-sticky-section-no e-con e-parent\" data-id=\"c9fc1b7\" data-element_type=\"container\" data-e-type=\"container\" data-settings=\"{&quot;background_background&quot;:&quot;classic&quot;}\">\n\t\t\t\t\t<div class=\"e-con-inner\">\n\t\t<div class=\"elementor-element elementor-element-be7d19b e-con-full e-flex tmpcoder-jarallax-no tmpcoder-parallax-no tmpcoder-particle-no tmpcoder-sticky-section-no elementor-invisible e-con e-child\" data-id=\"be7d19b\" data-element_type=\"container\" data-e-type=\"container\" data-settings=\"{&quot;animation&quot;:&quot;fadeIn&quot;,&quot;animation_delay&quot;:300}\">\n\t\t\t\t<div class=\"elementor-element elementor-element-f2ea870 elementor-widget elementor-widget-image\" data-id=\"f2ea870\" data-element_type=\"widget\" data-e-type=\"widget\" data-widget_type=\"image.default\">\n\t\t\t\t<div class=\"elementor-widget-container\">\n\t\t\t\t\t\t\t\t\t\t\t\t\t\t\t<img decoding=\"async\" width=\"768\" height=\"1024\" src=\"https:\/\/kiviksmusteri.se\/wp-content\/uploads\/2025\/07\/Butikshyllan-Musterbutiken-Stcokholm-768x1024.jpg\" class=\"attachment-large size-large wp-image-3338\" alt=\"\" srcset=\"https:\/\/kiviksmusteri.se\/wp-content\/uploads\/2025\/07\/Butikshyllan-Musterbutiken-Stcokholm-768x1024.jpg 768w, https:\/\/kiviksmusteri.se\/wp-content\/uploads\/2025\/07\/Butikshyllan-Musterbutiken-Stcokholm-300x400.jpg 300w, https:\/\/kiviksmusteri.se\/wp-content\/uploads\/2025\/07\/Butikshyllan-Musterbutiken-Stcokholm-600x800.jpg 600w, https:\/\/kiviksmusteri.se\/wp-content\/uploads\/2025\/07\/Butikshyllan-Musterbutiken-Stcokholm-225x300.jpg 225w, https:\/\/kiviksmusteri.se\/wp-content\/uploads\/2025\/07\/Butikshyllan-Musterbutiken-Stcokholm-1152x1536.jpg 1152w, https:\/\/kiviksmusteri.se\/wp-content\/uploads\/2025\/07\/Butikshyllan-Musterbutiken-Stcokholm.jpg 1272w\" sizes=\"(max-width: 768px) 100vw, 768px\" \/>\t\t\t\t\t\t\t\t\t\t\t\t\t\t\t<\/div>\n\t\t\t\t<\/div>\n\t\t\t\t<\/div>\n\t\t<div class=\"elementor-element elementor-element-c42c551 e-con-full e-flex tmpcoder-jarallax-no tmpcoder-parallax-no tmpcoder-particle-no tmpcoder-sticky-section-no elementor-invisible e-con e-child\" data-id=\"c42c551\" data-element_type=\"container\" data-e-type=\"container\" data-settings=\"{&quot;animation&quot;:&quot;fadeIn&quot;,&quot;animation_delay&quot;:500}\">\n\t\t\t\t<div class=\"elementor-element elementor-element-04fec26 elementor-widget elementor-widget-heading\" data-id=\"04fec26\" data-element_type=\"widget\" data-e-type=\"widget\" data-widget_type=\"heading.default\">\n\t\t\t\t<div class=\"elementor-widget-container\">\n\t\t\t\t\t<h5 class=\"elementor-heading-title elementor-size-default\">Vi jobbar inte bara med \u00e4pplen<\/h5>\t\t\t\t<\/div>\n\t\t\t\t<\/div>\n\t\t\t\t<div class=\"elementor-element elementor-element-bf98cef elementor-widget elementor-widget-heading\" data-id=\"bf98cef\" data-element_type=\"widget\" data-e-type=\"widget\" data-widget_type=\"heading.default\">\n\t\t\t\t<div class=\"elementor-widget-container\">\n\t\t\t\t\t<h2 class=\"elementor-heading-title elementor-size-default\">Butik &amp; Kontor\n<\/h2>\t\t\t\t<\/div>\n\t\t\t\t<\/div>\n\t\t\t\t<div class=\"elementor-element elementor-element-75f4bb9 elementor-widget elementor-widget-text-editor\" data-id=\"75f4bb9\" data-element_type=\"widget\" data-e-type=\"widget\" data-widget_type=\"text-editor.default\">\n\t\t\t\t<div class=\"elementor-widget-container\">\n\t\t\t\t\t\t\t\t\t<section class=\"articles\"><article class=\"article\"><div class=\"row align-items-center\"><div class=\"col-md-12 col-lg-7 order-lg-2\"><p>I samband med lanseringen av v\u00e5r nya butik, st\u00e5r det \u00e4ven klart att f\u00f6retaget som i 25 \u00e5r g\u00e5tt under namnet \u00c5kesson Vin, nu helt \u00f6verg\u00e5r till varum\u00e4rket Kiviks Musteri, och blir en del av satsningen p\u00e5 alkoholhaltiga produkter.<\/p><p>Idag tillverkar f\u00f6retaget b\u00e5de egna viner och importerar och distribuerar alla typer av viner och andra alkoholhaltiga produkter fr\u00e5n hela v\u00e4rlden, med fokus p\u00e5 ekologiska, etiska och h\u00e5llbara produkter. Teamet som idag jobbar med aff\u00e4rsomr\u00e5det har kontor i samma lokaler som butiken.<\/p><\/div><\/div><\/article><\/section>\t\t\t\t\t\t\t\t<\/div>\n\t\t\t\t<\/div>\n\t\t\t\t<div class=\"elementor-element elementor-element-122f85d elementor-align-left elementor-widget elementor-widget-button\" data-id=\"122f85d\" data-element_type=\"widget\" data-e-type=\"widget\" data-widget_type=\"button.default\">\n\t\t\t\t<div class=\"elementor-widget-container\">\n\t\t\t\t\t\t\t\t\t<div class=\"elementor-button-wrapper\">\n\t\t\t\t\t<a class=\"elementor-button elementor-button-link elementor-size-sm elementor-animation-shrink\" href=\"\/kontakt\/?e-filter-3f53763-avdelning=alkoholhaltiga-drycker\">\n\t\t\t\t\t\t<span class=\"elementor-button-content-wrapper\">\n\t\t\t\t\t\t\t\t\t<span class=\"elementor-button-text\">Kontakta oss<\/span>\n\t\t\t\t\t<\/span>\n\t\t\t\t\t<\/a>\n\t\t\t\t<\/div>\n\t\t\t\t\t\t\t\t<\/div>\n\t\t\t\t<\/div>\n\t\t\t\t<\/div>\n\t\t\t\t\t<\/div>\n\t\t\t\t<\/div>\n\t\t\t\t<\/div>\n\t\t","protected":false},"excerpt":{"rendered":"<p>Upplev \u00d6sterlen p\u00e5 S\u00f6dermalm Bes\u00f6k oss i Stockholm V\u00e4lkommen till v\u00e5r v\u00e4rld! Musteributiken i Stockholm Intresset f\u00f6r svenskproducerade produkter \u00f6kar mer och mer, och det genuina hantverket som ligger bakom \u00e4ppelodling, sk\u00f6rd och kunskapen kring hur olika smaker kan kombineras p\u00e5 b\u00e4sta s\u00e4tt uppskattas av konsumenter. Till v\u00e5r nya butik i Stockholm kan du komma [&hellip;]<\/p>\n","protected":false},"author":1,"featured_media":0,"parent":2299,"menu_order":0,"comment_status":"closed","ping_status":"closed","template":"","meta":{"_acf_changed":false,"footnotes":""},"class_list":["post-3336","page","type-page","status-publish","hentry"],"acf":[],"yoast_head":"<!-- This site is optimized with the Yoast SEO plugin v27.5 - https:\/\/yoast.com\/product\/yoast-seo-wordpress\/ -->\n<title>Bes\u00f6k Kiviks Musteri i Stockholm | Kiviks Musteri<\/title>\n<meta name=\"robots\" content=\"index, follow, max-snippet:-1, max-image-preview:large, max-video-preview:-1\" \/>\n<link rel=\"canonical\" href=\"https:\/\/kiviksmusteri.se\/en\/besok-oss\/stockholm\/\" \/>\n<meta property=\"og:locale\" content=\"en_GB\" \/>\n<meta property=\"og:type\" content=\"article\" \/>\n<meta property=\"og:title\" content=\"Bes\u00f6k Kiviks Musteri i Stockholm | Kiviks Musteri\" \/>\n<meta property=\"og:description\" content=\"Upplev \u00d6sterlen p\u00e5 S\u00f6dermalm Bes\u00f6k oss i Stockholm V\u00e4lkommen till v\u00e5r v\u00e4rld! Musteributiken i Stockholm Intresset f\u00f6r svenskproducerade produkter \u00f6kar mer och mer, och det genuina hantverket som ligger bakom \u00e4ppelodling, sk\u00f6rd och kunskapen kring hur olika smaker kan kombineras p\u00e5 b\u00e4sta s\u00e4tt uppskattas av konsumenter. Till v\u00e5r nya butik i Stockholm kan du komma [&hellip;]\" \/>\n<meta property=\"og:url\" content=\"https:\/\/kiviksmusteri.se\/en\/besok-oss\/stockholm\/\" \/>\n<meta property=\"og:site_name\" content=\"Kiviks Musteri\" \/>\n<meta property=\"article:publisher\" content=\"https:\/\/www.facebook.com\/KiviksMusteri\" \/>\n<meta property=\"article:modified_time\" content=\"2026-02-20T11:20:44+00:00\" \/>\n<meta property=\"og:image\" content=\"https:\/\/kiviksmusteri.se\/wp-content\/uploads\/2025\/07\/musteributiken-stockholm-scaled-1-1.jpg\" \/>\n\t<meta property=\"og:image:width\" content=\"2560\" \/>\n\t<meta property=\"og:image:height\" content=\"1440\" \/>\n\t<meta property=\"og:image:type\" content=\"image\/jpeg\" \/>\n<meta name=\"twitter:card\" content=\"summary_large_image\" \/>\n<meta name=\"twitter:label1\" content=\"Estimated reading time\" \/>\n\t<meta name=\"twitter:data1\" content=\"2 minutes\" \/>\n<script type=\"application\/ld+json\" class=\"yoast-schema-graph\">{\"@context\":\"https:\\\/\\\/schema.org\",\"@graph\":[{\"@type\":\"WebPage\",\"@id\":\"https:\\\/\\\/kiviksmusteri.se\\\/besok-oss\\\/stockholm\\\/\",\"url\":\"https:\\\/\\\/kiviksmusteri.se\\\/besok-oss\\\/stockholm\\\/\",\"name\":\"Bes\u00f6k Kiviks Musteri i Stockholm | Kiviks Musteri\",\"isPartOf\":{\"@id\":\"https:\\\/\\\/kiviksmusteri.se\\\/#website\"},\"primaryImageOfPage\":{\"@id\":\"https:\\\/\\\/kiviksmusteri.se\\\/besok-oss\\\/stockholm\\\/#primaryimage\"},\"image\":{\"@id\":\"https:\\\/\\\/kiviksmusteri.se\\\/besok-oss\\\/stockholm\\\/#primaryimage\"},\"thumbnailUrl\":\"https:\\\/\\\/kiviksmusteri.se\\\/wp-content\\\/uploads\\\/2025\\\/07\\\/musteributiken-stockholm-scaled-1-1-1024x576.jpg\",\"datePublished\":\"2025-07-23T12:13:05+00:00\",\"dateModified\":\"2026-02-20T11:20:44+00:00\",\"breadcrumb\":{\"@id\":\"https:\\\/\\\/kiviksmusteri.se\\\/besok-oss\\\/stockholm\\\/#breadcrumb\"},\"inLanguage\":\"en-GB\",\"potentialAction\":[{\"@type\":\"ReadAction\",\"target\":[\"https:\\\/\\\/kiviksmusteri.se\\\/besok-oss\\\/stockholm\\\/\"]}]},{\"@type\":\"ImageObject\",\"inLanguage\":\"en-GB\",\"@id\":\"https:\\\/\\\/kiviksmusteri.se\\\/besok-oss\\\/stockholm\\\/#primaryimage\",\"url\":\"https:\\\/\\\/kiviksmusteri.se\\\/wp-content\\\/uploads\\\/2025\\\/07\\\/musteributiken-stockholm-scaled-1-1-1024x576.jpg\",\"contentUrl\":\"https:\\\/\\\/kiviksmusteri.se\\\/wp-content\\\/uploads\\\/2025\\\/07\\\/musteributiken-stockholm-scaled-1-1-1024x576.jpg\"},{\"@type\":\"BreadcrumbList\",\"@id\":\"https:\\\/\\\/kiviksmusteri.se\\\/besok-oss\\\/stockholm\\\/#breadcrumb\",\"itemListElement\":[{\"@type\":\"ListItem\",\"position\":1,\"name\":\"Hem\",\"item\":\"https:\\\/\\\/kiviksmusteri.se\\\/\"},{\"@type\":\"ListItem\",\"position\":2,\"name\":\"Bes\u00f6k oss\",\"item\":\"https:\\\/\\\/kiviksmusteri.se\\\/besok-oss\\\/\"},{\"@type\":\"ListItem\",\"position\":3,\"name\":\"Bes\u00f6k oss i Stockholm\"}]},{\"@type\":\"WebSite\",\"@id\":\"https:\\\/\\\/kiviksmusteri.se\\\/#website\",\"url\":\"https:\\\/\\\/kiviksmusteri.se\\\/\",\"name\":\"Kiviks Musteri\",\"description\":\"\",\"publisher\":{\"@id\":\"https:\\\/\\\/kiviksmusteri.se\\\/#organization\"},\"potentialAction\":[{\"@type\":\"SearchAction\",\"target\":{\"@type\":\"EntryPoint\",\"urlTemplate\":\"https:\\\/\\\/kiviksmusteri.se\\\/?s={search_term_string}\"},\"query-input\":{\"@type\":\"PropertyValueSpecification\",\"valueRequired\":true,\"valueName\":\"search_term_string\"}}],\"inLanguage\":\"en-GB\"},{\"@type\":\"Organization\",\"@id\":\"https:\\\/\\\/kiviksmusteri.se\\\/#organization\",\"name\":\"Kiviks Musteri\",\"url\":\"https:\\\/\\\/kiviksmusteri.se\\\/\",\"logo\":{\"@type\":\"ImageObject\",\"inLanguage\":\"en-GB\",\"@id\":\"https:\\\/\\\/kiviksmusteri.se\\\/#\\\/schema\\\/logo\\\/image\\\/\",\"url\":\"https:\\\/\\\/kiviksmusteri.se\\\/wp-content\\\/uploads\\\/2025\\\/06\\\/apple.svg\",\"contentUrl\":\"https:\\\/\\\/kiviksmusteri.se\\\/wp-content\\\/uploads\\\/2025\\\/06\\\/apple.svg\",\"width\":449,\"height\":525,\"caption\":\"Kiviks Musteri\"},\"image\":{\"@id\":\"https:\\\/\\\/kiviksmusteri.se\\\/#\\\/schema\\\/logo\\\/image\\\/\"},\"sameAs\":[\"https:\\\/\\\/www.facebook.com\\\/KiviksMusteri\",\"https:\\\/\\\/www.instagram.com\\\/kiviksmusteri\\\/\",\"https:\\\/\\\/www.youtube.com\\\/@kiviksmusteri6272\",\"https:\\\/\\\/se.linkedin.com\\\/company\\\/kiviks-musteri\"]}]}<\/script>\n<!-- \/ Yoast SEO plugin. -->","yoast_head_json":{"title":"Bes\u00f6k Kiviks Musteri i Stockholm | Kiviks Musteri","robots":{"index":"index","follow":"follow","max-snippet":"max-snippet:-1","max-image-preview":"max-image-preview:large","max-video-preview":"max-video-preview:-1"},"canonical":"https:\/\/kiviksmusteri.se\/en\/besok-oss\/stockholm\/","og_locale":"en_GB","og_type":"article","og_title":"Bes\u00f6k Kiviks Musteri i Stockholm | Kiviks Musteri","og_description":"Upplev \u00d6sterlen p\u00e5 S\u00f6dermalm Bes\u00f6k oss i Stockholm V\u00e4lkommen till v\u00e5r v\u00e4rld! Musteributiken i Stockholm Intresset f\u00f6r svenskproducerade produkter \u00f6kar mer och mer, och det genuina hantverket som ligger bakom \u00e4ppelodling, sk\u00f6rd och kunskapen kring hur olika smaker kan kombineras p\u00e5 b\u00e4sta s\u00e4tt uppskattas av konsumenter. Till v\u00e5r nya butik i Stockholm kan du komma [&hellip;]","og_url":"https:\/\/kiviksmusteri.se\/en\/besok-oss\/stockholm\/","og_site_name":"Kiviks Musteri","article_publisher":"https:\/\/www.facebook.com\/KiviksMusteri","article_modified_time":"2026-02-20T11:20:44+00:00","og_image":[{"width":2560,"height":1440,"url":"https:\/\/kiviksmusteri.se\/wp-content\/uploads\/2025\/07\/musteributiken-stockholm-scaled-1-1.jpg","type":"image\/jpeg"}],"twitter_card":"summary_large_image","twitter_misc":{"Estimated reading time":"2 minutes"},"schema":{"@context":"https:\/\/schema.org","@graph":[{"@type":"WebPage","@id":"https:\/\/kiviksmusteri.se\/besok-oss\/stockholm\/","url":"https:\/\/kiviksmusteri.se\/besok-oss\/stockholm\/","name":"Bes\u00f6k Kiviks Musteri i Stockholm | Kiviks Musteri","isPartOf":{"@id":"https:\/\/kiviksmusteri.se\/#website"},"primaryImageOfPage":{"@id":"https:\/\/kiviksmusteri.se\/besok-oss\/stockholm\/#primaryimage"},"image":{"@id":"https:\/\/kiviksmusteri.se\/besok-oss\/stockholm\/#primaryimage"},"thumbnailUrl":"https:\/\/kiviksmusteri.se\/wp-content\/uploads\/2025\/07\/musteributiken-stockholm-scaled-1-1-1024x576.jpg","datePublished":"2025-07-23T12:13:05+00:00","dateModified":"2026-02-20T11:20:44+00:00","breadcrumb":{"@id":"https:\/\/kiviksmusteri.se\/besok-oss\/stockholm\/#breadcrumb"},"inLanguage":"en-GB","potentialAction":[{"@type":"ReadAction","target":["https:\/\/kiviksmusteri.se\/besok-oss\/stockholm\/"]}]},{"@type":"ImageObject","inLanguage":"en-GB","@id":"https:\/\/kiviksmusteri.se\/besok-oss\/stockholm\/#primaryimage","url":"https:\/\/kiviksmusteri.se\/wp-content\/uploads\/2025\/07\/musteributiken-stockholm-scaled-1-1-1024x576.jpg","contentUrl":"https:\/\/kiviksmusteri.se\/wp-content\/uploads\/2025\/07\/musteributiken-stockholm-scaled-1-1-1024x576.jpg"},{"@type":"BreadcrumbList","@id":"https:\/\/kiviksmusteri.se\/besok-oss\/stockholm\/#breadcrumb","itemListElement":[{"@type":"ListItem","position":1,"name":"Hem","item":"https:\/\/kiviksmusteri.se\/"},{"@type":"ListItem","position":2,"name":"Bes\u00f6k oss","item":"https:\/\/kiviksmusteri.se\/besok-oss\/"},{"@type":"ListItem","position":3,"name":"Bes\u00f6k oss i Stockholm"}]},{"@type":"WebSite","@id":"https:\/\/kiviksmusteri.se\/#website","url":"https:\/\/kiviksmusteri.se\/","name":"Kiviks Musteri","description":"","publisher":{"@id":"https:\/\/kiviksmusteri.se\/#organization"},"potentialAction":[{"@type":"SearchAction","target":{"@type":"EntryPoint","urlTemplate":"https:\/\/kiviksmusteri.se\/?s={search_term_string}"},"query-input":{"@type":"PropertyValueSpecification","valueRequired":true,"valueName":"search_term_string"}}],"inLanguage":"en-GB"},{"@type":"Organization","@id":"https:\/\/kiviksmusteri.se\/#organization","name":"Kiviks Musteri","url":"https:\/\/kiviksmusteri.se\/","logo":{"@type":"ImageObject","inLanguage":"en-GB","@id":"https:\/\/kiviksmusteri.se\/#\/schema\/logo\/image\/","url":"https:\/\/kiviksmusteri.se\/wp-content\/uploads\/2025\/06\/apple.svg","contentUrl":"https:\/\/kiviksmusteri.se\/wp-content\/uploads\/2025\/06\/apple.svg","width":449,"height":525,"caption":"Kiviks Musteri"},"image":{"@id":"https:\/\/kiviksmusteri.se\/#\/schema\/logo\/image\/"},"sameAs":["https:\/\/www.facebook.com\/KiviksMusteri","https:\/\/www.instagram.com\/kiviksmusteri\/","https:\/\/www.youtube.com\/@kiviksmusteri6272","https:\/\/se.linkedin.com\/company\/kiviks-musteri"]}]}},"_links":{"self":[{"href":"https:\/\/kiviksmusteri.se\/en\/wp-json\/wp\/v2\/pages\/3336","targetHints":{"allow":["GET"]}}],"collection":[{"href":"https:\/\/kiviksmusteri.se\/en\/wp-json\/wp\/v2\/pages"}],"about":[{"href":"https:\/\/kiviksmusteri.se\/en\/wp-json\/wp\/v2\/types\/page"}],"author":[{"embeddable":true,"href":"https:\/\/kiviksmusteri.se\/en\/wp-json\/wp\/v2\/users\/1"}],"replies":[{"embeddable":true,"href":"https:\/\/kiviksmusteri.se\/en\/wp-json\/wp\/v2\/comments?post=3336"}],"version-history":[{"count":30,"href":"https:\/\/kiviksmusteri.se\/en\/wp-json\/wp\/v2\/pages\/3336\/revisions"}],"predecessor-version":[{"id":14161,"href":"https:\/\/kiviksmusteri.se\/en\/wp-json\/wp\/v2\/pages\/3336\/revisions\/14161"}],"up":[{"embeddable":true,"href":"https:\/\/kiviksmusteri.se\/en\/wp-json\/wp\/v2\/pages\/2299"}],"wp:attachment":[{"href":"https:\/\/kiviksmusteri.se\/en\/wp-json\/wp\/v2\/media?parent=3336"}],"curies":[{"name":"wp","href":"https:\/\/api.w.org\/{rel}","templated":true}]}}