{"id":7943,"date":"2025-11-13T14:34:16","date_gmt":"2025-11-13T14:34:16","guid":{"rendered":"https:\/\/kivikstaging.hemsida.eu\/?page_id=7943"},"modified":"2025-11-30T17:11:54","modified_gmt":"2025-11-30T17:11:54","slug":"varukorg","status":"publish","type":"page","link":"https:\/\/kiviksmusteri.se\/en\/varukorg\/","title":{"rendered":"Varukorg"},"content":{"rendered":"<div data-elementor-type=\"wp-page\" data-elementor-id=\"7943\" class=\"elementor elementor-7943\" data-elementor-post-type=\"page\">\n\t\t\t\t<div class=\"elementor-element elementor-element-34d8970 e-flex e-con-boxed tmpcoder-jarallax-no tmpcoder-parallax-no tmpcoder-particle-no tmpcoder-sticky-section-no e-con e-parent\" data-id=\"34d8970\" data-element_type=\"container\" data-e-type=\"container\">\n\t\t\t\t\t<div class=\"e-con-inner\">\n\t\t\t\t<div class=\"elementor-element elementor-element-139cdf0 e-cart-empty-template-active e-cart-layout-two-column elementor-widget elementor-widget-woocommerce-cart\" data-id=\"139cdf0\" data-element_type=\"widget\" data-e-type=\"widget\" data-settings=\"{&quot;sticky_right_column&quot;:&quot;yes&quot;,&quot;sticky_right_column_offset&quot;:100,&quot;update_cart_automatically&quot;:&quot;yes&quot;}\" data-widget_type=\"woocommerce-cart.default\">\n\t\t\t\t<div class=\"elementor-widget-container\">\n\t\t\t\t\t<div class=\"woocommerce\"><div class=\"woocommerce-notices-wrapper\"><\/div><div class=\"wc-empty-cart-message\">\n\t<div class=\"cart-empty woocommerce-info\" role=\"status\">\n\t\tYour basket is currently empty.\t<\/div>\n<\/div>\t<p class=\"return-to-shop\">\n\t\t<a class=\"button wc-backward\" href=\"https:\/\/kiviksmusteri.se\/en\/produkter\/\">\n\t\t\tReturn to shop\t\t<\/a>\n\t<\/p>\n<\/div>\t\t\t\t<\/div>\n\t\t\t\t<\/div>\n\t\t\t\t\t<\/div>\n\t\t\t\t<\/div>\n\t\t\t\t<\/div>","protected":false},"excerpt":{"rendered":"<p>Ta bort artikel Miniatyrbild Produkt Pris Antal Delsumma &times; Aroma 22,00&nbsp;&#107;&#114; Aroma m\u00e4ngd 44,00&nbsp;&#107;&#114; &times; Soln\u00e4s G\u00e5rd \u00c4ppelmust 70,00&nbsp;&#107;&#114; Soln\u00e4s G\u00e5rd \u00c4ppelmust m\u00e4ngd 210,00&nbsp;&#107;&#114; &times; Mango Fruktdryck Kolsyrad 22,00&nbsp;&#107;&#114; Mango Fruktdryck Kolsyrad m\u00e4ngd 22,00&nbsp;&#107;&#114; &times; Font\u00e4n Yuzu Summer Cider 22,00&nbsp;&#107;&#114; Font\u00e4n Yuzu Summer Cider m\u00e4ngd 22,00&nbsp;&#107;&#114; &times; Font\u00e4n Ginger Beer 22,00&nbsp;&#107;&#114; Font\u00e4n Ginger Beer m\u00e4ngd [&hellip;]<\/p>\n","protected":false},"author":1,"featured_media":0,"parent":0,"menu_order":0,"comment_status":"closed","ping_status":"closed","template":"","meta":{"_acf_changed":false,"footnotes":""},"class_list":["post-7943","page","type-page","status-publish","hentry"],"acf":[],"yoast_head":"<!-- This site is optimized with the Yoast SEO plugin v27.2 - https:\/\/yoast.com\/product\/yoast-seo-wordpress\/ -->\n<title>Varukorg | Kiviks Musteri<\/title>\n<meta name=\"robots\" content=\"index, follow, max-snippet:-1, max-image-preview:large, max-video-preview:-1\" \/>\n<link rel=\"canonical\" href=\"https:\/\/kiviksmusteri.se\/en\/varukorg\/\" \/>\n<meta property=\"og:locale\" content=\"en_GB\" \/>\n<meta property=\"og:type\" content=\"article\" \/>\n<meta property=\"og:title\" content=\"Varukorg | Kiviks Musteri\" \/>\n<meta property=\"og:description\" content=\"Ta bort artikel Miniatyrbild Produkt Pris Antal Delsumma &times; Aroma 22,00&nbsp;&#107;&#114; Aroma m\u00e4ngd 44,00&nbsp;&#107;&#114; &times; Soln\u00e4s G\u00e5rd \u00c4ppelmust 70,00&nbsp;&#107;&#114; Soln\u00e4s G\u00e5rd \u00c4ppelmust m\u00e4ngd 210,00&nbsp;&#107;&#114; &times; Mango Fruktdryck Kolsyrad 22,00&nbsp;&#107;&#114; Mango Fruktdryck Kolsyrad m\u00e4ngd 22,00&nbsp;&#107;&#114; &times; Font\u00e4n Yuzu Summer Cider 22,00&nbsp;&#107;&#114; Font\u00e4n Yuzu Summer Cider m\u00e4ngd 22,00&nbsp;&#107;&#114; &times; Font\u00e4n Ginger Beer 22,00&nbsp;&#107;&#114; Font\u00e4n Ginger Beer m\u00e4ngd [&hellip;]\" \/>\n<meta property=\"og:url\" content=\"https:\/\/kiviksmusteri.se\/en\/varukorg\/\" \/>\n<meta property=\"og:site_name\" content=\"Kiviks Musteri\" \/>\n<meta property=\"article:publisher\" content=\"https:\/\/www.facebook.com\/KiviksMusteri\" \/>\n<meta property=\"article:modified_time\" content=\"2025-11-30T17:11:54+00:00\" \/>\n<meta property=\"og:image\" content=\"https:\/\/kiviksmusteri.se\/wp-content\/uploads\/2025\/06\/aroma-3-300x859.webp\" \/>\n<meta name=\"twitter:card\" content=\"summary_large_image\" \/>\n<meta name=\"twitter:label1\" content=\"Estimated reading time\" \/>\n\t<meta name=\"twitter:data1\" content=\"1 minute\" \/>\n<script type=\"application\/ld+json\" class=\"yoast-schema-graph\">{\"@context\":\"https:\/\/schema.org\",\"@graph\":[{\"@type\":\"WebPage\",\"@id\":\"https:\/\/kiviksmusteri.se\/varukorg\/\",\"url\":\"https:\/\/kiviksmusteri.se\/varukorg\/\",\"name\":\"Varukorg | Kiviks Musteri\",\"isPartOf\":{\"@id\":\"https:\/\/kiviksmusteri.se\/#website\"},\"primaryImageOfPage\":{\"@id\":\"https:\/\/kiviksmusteri.se\/varukorg\/#primaryimage\"},\"image\":{\"@id\":\"https:\/\/kiviksmusteri.se\/varukorg\/#primaryimage\"},\"thumbnailUrl\":\"https:\/\/kiviksmusteri.se\/wp-content\/uploads\/2025\/06\/aroma-3-300x859.webp\",\"datePublished\":\"2025-11-13T14:34:16+00:00\",\"dateModified\":\"2025-11-30T17:11:54+00:00\",\"breadcrumb\":{\"@id\":\"https:\/\/kiviksmusteri.se\/varukorg\/#breadcrumb\"},\"inLanguage\":\"en-GB\",\"potentialAction\":[{\"@type\":\"ReadAction\",\"target\":[\"https:\/\/kiviksmusteri.se\/varukorg\/\"]}]},{\"@type\":\"ImageObject\",\"inLanguage\":\"en-GB\",\"@id\":\"https:\/\/kiviksmusteri.se\/varukorg\/#primaryimage\",\"url\":\"https:\/\/kiviksmusteri.se\/wp-content\/uploads\/2025\/06\/aroma-3-300x859.webp\",\"contentUrl\":\"https:\/\/kiviksmusteri.se\/wp-content\/uploads\/2025\/06\/aroma-3-300x859.webp\"},{\"@type\":\"BreadcrumbList\",\"@id\":\"https:\/\/kiviksmusteri.se\/varukorg\/#breadcrumb\",\"itemListElement\":[{\"@type\":\"ListItem\",\"position\":1,\"name\":\"Hem\",\"item\":\"https:\/\/kiviksmusteri.se\/\"},{\"@type\":\"ListItem\",\"position\":2,\"name\":\"Varukorg\"}]},{\"@type\":\"WebSite\",\"@id\":\"https:\/\/kiviksmusteri.se\/#website\",\"url\":\"https:\/\/kiviksmusteri.se\/\",\"name\":\"Kiviks Musteri\",\"description\":\"\",\"publisher\":{\"@id\":\"https:\/\/kiviksmusteri.se\/#organization\"},\"potentialAction\":[{\"@type\":\"SearchAction\",\"target\":{\"@type\":\"EntryPoint\",\"urlTemplate\":\"https:\/\/kiviksmusteri.se\/?s={search_term_string}\"},\"query-input\":{\"@type\":\"PropertyValueSpecification\",\"valueRequired\":true,\"valueName\":\"search_term_string\"}}],\"inLanguage\":\"en-GB\"},{\"@type\":\"Organization\",\"@id\":\"https:\/\/kiviksmusteri.se\/#organization\",\"name\":\"Kiviks Musteri\",\"url\":\"https:\/\/kiviksmusteri.se\/\",\"logo\":{\"@type\":\"ImageObject\",\"inLanguage\":\"en-GB\",\"@id\":\"https:\/\/kiviksmusteri.se\/#\/schema\/logo\/image\/\",\"url\":\"https:\/\/kiviksmusteri.se\/wp-content\/uploads\/2025\/06\/apple.svg\",\"contentUrl\":\"https:\/\/kiviksmusteri.se\/wp-content\/uploads\/2025\/06\/apple.svg\",\"width\":449,\"height\":525,\"caption\":\"Kiviks Musteri\"},\"image\":{\"@id\":\"https:\/\/kiviksmusteri.se\/#\/schema\/logo\/image\/\"},\"sameAs\":[\"https:\/\/www.facebook.com\/KiviksMusteri\",\"https:\/\/www.instagram.com\/kiviksmusteri\/\",\"https:\/\/www.youtube.com\/@kiviksmusteri6272\",\"https:\/\/se.linkedin.com\/company\/kiviks-musteri\"]}]}<\/script>\n<!-- \/ Yoast SEO plugin. -->","yoast_head_json":{"title":"Varukorg | Kiviks Musteri","robots":{"index":"index","follow":"follow","max-snippet":"max-snippet:-1","max-image-preview":"max-image-preview:large","max-video-preview":"max-video-preview:-1"},"canonical":"https:\/\/kiviksmusteri.se\/en\/varukorg\/","og_locale":"en_GB","og_type":"article","og_title":"Varukorg | Kiviks Musteri","og_description":"Ta bort artikel Miniatyrbild Produkt Pris Antal Delsumma &times; Aroma 22,00&nbsp;&#107;&#114; Aroma m\u00e4ngd 44,00&nbsp;&#107;&#114; &times; Soln\u00e4s G\u00e5rd \u00c4ppelmust 70,00&nbsp;&#107;&#114; Soln\u00e4s G\u00e5rd \u00c4ppelmust m\u00e4ngd 210,00&nbsp;&#107;&#114; &times; Mango Fruktdryck Kolsyrad 22,00&nbsp;&#107;&#114; Mango Fruktdryck Kolsyrad m\u00e4ngd 22,00&nbsp;&#107;&#114; &times; Font\u00e4n Yuzu Summer Cider 22,00&nbsp;&#107;&#114; Font\u00e4n Yuzu Summer Cider m\u00e4ngd 22,00&nbsp;&#107;&#114; &times; Font\u00e4n Ginger Beer 22,00&nbsp;&#107;&#114; Font\u00e4n Ginger Beer m\u00e4ngd [&hellip;]","og_url":"https:\/\/kiviksmusteri.se\/en\/varukorg\/","og_site_name":"Kiviks Musteri","article_publisher":"https:\/\/www.facebook.com\/KiviksMusteri","article_modified_time":"2025-11-30T17:11:54+00:00","og_image":[{"url":"https:\/\/kiviksmusteri.se\/wp-content\/uploads\/2025\/06\/aroma-3-300x859.webp","type":"","width":"","height":""}],"twitter_card":"summary_large_image","twitter_misc":{"Estimated reading time":"1 minute"},"schema":{"@context":"https:\/\/schema.org","@graph":[{"@type":"WebPage","@id":"https:\/\/kiviksmusteri.se\/varukorg\/","url":"https:\/\/kiviksmusteri.se\/varukorg\/","name":"Varukorg | Kiviks Musteri","isPartOf":{"@id":"https:\/\/kiviksmusteri.se\/#website"},"primaryImageOfPage":{"@id":"https:\/\/kiviksmusteri.se\/varukorg\/#primaryimage"},"image":{"@id":"https:\/\/kiviksmusteri.se\/varukorg\/#primaryimage"},"thumbnailUrl":"https:\/\/kiviksmusteri.se\/wp-content\/uploads\/2025\/06\/aroma-3-300x859.webp","datePublished":"2025-11-13T14:34:16+00:00","dateModified":"2025-11-30T17:11:54+00:00","breadcrumb":{"@id":"https:\/\/kiviksmusteri.se\/varukorg\/#breadcrumb"},"inLanguage":"en-GB","potentialAction":[{"@type":"ReadAction","target":["https:\/\/kiviksmusteri.se\/varukorg\/"]}]},{"@type":"ImageObject","inLanguage":"en-GB","@id":"https:\/\/kiviksmusteri.se\/varukorg\/#primaryimage","url":"https:\/\/kiviksmusteri.se\/wp-content\/uploads\/2025\/06\/aroma-3-300x859.webp","contentUrl":"https:\/\/kiviksmusteri.se\/wp-content\/uploads\/2025\/06\/aroma-3-300x859.webp"},{"@type":"BreadcrumbList","@id":"https:\/\/kiviksmusteri.se\/varukorg\/#breadcrumb","itemListElement":[{"@type":"ListItem","position":1,"name":"Hem","item":"https:\/\/kiviksmusteri.se\/"},{"@type":"ListItem","position":2,"name":"Varukorg"}]},{"@type":"WebSite","@id":"https:\/\/kiviksmusteri.se\/#website","url":"https:\/\/kiviksmusteri.se\/","name":"Kiviks Musteri","description":"","publisher":{"@id":"https:\/\/kiviksmusteri.se\/#organization"},"potentialAction":[{"@type":"SearchAction","target":{"@type":"EntryPoint","urlTemplate":"https:\/\/kiviksmusteri.se\/?s={search_term_string}"},"query-input":{"@type":"PropertyValueSpecification","valueRequired":true,"valueName":"search_term_string"}}],"inLanguage":"en-GB"},{"@type":"Organization","@id":"https:\/\/kiviksmusteri.se\/#organization","name":"Kiviks Musteri","url":"https:\/\/kiviksmusteri.se\/","logo":{"@type":"ImageObject","inLanguage":"en-GB","@id":"https:\/\/kiviksmusteri.se\/#\/schema\/logo\/image\/","url":"https:\/\/kiviksmusteri.se\/wp-content\/uploads\/2025\/06\/apple.svg","contentUrl":"https:\/\/kiviksmusteri.se\/wp-content\/uploads\/2025\/06\/apple.svg","width":449,"height":525,"caption":"Kiviks Musteri"},"image":{"@id":"https:\/\/kiviksmusteri.se\/#\/schema\/logo\/image\/"},"sameAs":["https:\/\/www.facebook.com\/KiviksMusteri","https:\/\/www.instagram.com\/kiviksmusteri\/","https:\/\/www.youtube.com\/@kiviksmusteri6272","https:\/\/se.linkedin.com\/company\/kiviks-musteri"]}]}},"_links":{"self":[{"href":"https:\/\/kiviksmusteri.se\/en\/wp-json\/wp\/v2\/pages\/7943","targetHints":{"allow":["GET"]}}],"collection":[{"href":"https:\/\/kiviksmusteri.se\/en\/wp-json\/wp\/v2\/pages"}],"about":[{"href":"https:\/\/kiviksmusteri.se\/en\/wp-json\/wp\/v2\/types\/page"}],"author":[{"embeddable":true,"href":"https:\/\/kiviksmusteri.se\/en\/wp-json\/wp\/v2\/users\/1"}],"replies":[{"embeddable":true,"href":"https:\/\/kiviksmusteri.se\/en\/wp-json\/wp\/v2\/comments?post=7943"}],"version-history":[{"count":52,"href":"https:\/\/kiviksmusteri.se\/en\/wp-json\/wp\/v2\/pages\/7943\/revisions"}],"predecessor-version":[{"id":9788,"href":"https:\/\/kiviksmusteri.se\/en\/wp-json\/wp\/v2\/pages\/7943\/revisions\/9788"}],"wp:attachment":[{"href":"https:\/\/kiviksmusteri.se\/en\/wp-json\/wp\/v2\/media?parent=7943"}],"curies":[{"name":"wp","href":"https:\/\/api.w.org\/{rel}","templated":true}]}}