{"id":8256,"date":"2025-11-16T12:20:29","date_gmt":"2025-11-16T12:20:29","guid":{"rendered":"https:\/\/kivikstaging.hemsida.eu\/?page_id=8256"},"modified":"2026-02-13T07:08:46","modified_gmt":"2026-02-13T07:08:46","slug":"vision-affarside","status":"publish","type":"page","link":"https:\/\/kiviksmusteri.se\/en\/om-oss\/vision-affarside\/","title":{"rendered":"Vision &#038; Aff\u00e4rsid\u00e9"},"content":{"rendered":"\t\t<div data-elementor-type=\"wp-page\" data-elementor-id=\"8256\" class=\"elementor elementor-8256\" data-elementor-post-type=\"page\">\n\t\t\t\t<div class=\"elementor-element elementor-element-6b0b526f e-flex e-con-boxed tmpcoder-jarallax-no tmpcoder-parallax-no tmpcoder-particle-no tmpcoder-sticky-section-no e-con e-parent\" data-id=\"6b0b526f\" data-element_type=\"container\" data-e-type=\"container\" data-settings=\"{&quot;background_background&quot;:&quot;classic&quot;}\">\n\t\t\t\t\t<div class=\"e-con-inner\">\n\t\t\t\t<div class=\"elementor-element elementor-element-6c16396c elementor-invisible elementor-widget elementor-widget-heading\" data-id=\"6c16396c\" data-element_type=\"widget\" data-e-type=\"widget\" data-settings=\"{&quot;motion_fx_motion_fx_scrolling&quot;:&quot;yes&quot;,&quot;motion_fx_translateY_effect&quot;:&quot;yes&quot;,&quot;motion_fx_translateY_direction&quot;:&quot;negative&quot;,&quot;motion_fx_translateY_speed&quot;:{&quot;unit&quot;:&quot;px&quot;,&quot;size&quot;:0.8,&quot;sizes&quot;:[]},&quot;_animation&quot;:&quot;fadeInUp&quot;,&quot;_animation_delay&quot;:500,&quot;motion_fx_devices&quot;:[&quot;widescreen&quot;,&quot;desktop&quot;,&quot;laptop&quot;],&quot;motion_fx_translateY_affectedRange&quot;:{&quot;unit&quot;:&quot;%&quot;,&quot;size&quot;:&quot;&quot;,&quot;sizes&quot;:{&quot;start&quot;:0,&quot;end&quot;:100}}}\" data-widget_type=\"heading.default\">\n\t\t\t\t<div class=\"elementor-widget-container\">\n\t\t\t\t\t<h2 class=\"elementor-heading-title elementor-size-default\">Utg\u00e5ngspunkten f\u00f6r v\u00e5rt arbete\n<\/h2>\t\t\t\t<\/div>\n\t\t\t\t<\/div>\n\t\t\t\t<div class=\"elementor-element elementor-element-594d7fd5 elementor-invisible elementor-widget elementor-widget-heading\" data-id=\"594d7fd5\" data-element_type=\"widget\" data-e-type=\"widget\" data-settings=\"{&quot;motion_fx_motion_fx_scrolling&quot;:&quot;yes&quot;,&quot;motion_fx_translateY_effect&quot;:&quot;yes&quot;,&quot;motion_fx_translateY_direction&quot;:&quot;negative&quot;,&quot;motion_fx_translateY_speed&quot;:{&quot;unit&quot;:&quot;px&quot;,&quot;size&quot;:0.8,&quot;sizes&quot;:[]},&quot;_animation&quot;:&quot;fadeInUp&quot;,&quot;_animation_delay&quot;:800,&quot;motion_fx_devices&quot;:[&quot;widescreen&quot;,&quot;desktop&quot;,&quot;laptop&quot;],&quot;motion_fx_translateY_affectedRange&quot;:{&quot;unit&quot;:&quot;%&quot;,&quot;size&quot;:&quot;&quot;,&quot;sizes&quot;:{&quot;start&quot;:0,&quot;end&quot;:100}}}\" data-widget_type=\"heading.default\">\n\t\t\t\t<div class=\"elementor-widget-container\">\n\t\t\t\t\t<h1 class=\"elementor-heading-title elementor-size-default\">V\u00e5r vision &amp; aff\u00e4rsid\u00e9<\/h1>\t\t\t\t<\/div>\n\t\t\t\t<\/div>\n\t\t\t\t\t<\/div>\n\t\t\t\t<\/div>\n\t\t<div class=\"elementor-element elementor-element-3a74795c e-con-full e-flex tmpcoder-jarallax-no tmpcoder-parallax-no tmpcoder-particle-no tmpcoder-sticky-section-no e-con e-parent\" data-id=\"3a74795c\" data-element_type=\"container\" data-e-type=\"container\" data-settings=\"{&quot;background_background&quot;:&quot;classic&quot;}\">\n\t\t\t\t<div class=\"elementor-element elementor-element-1f85eacd bread elementor-widget elementor-widget-global elementor-global-3491 elementor-widget-eael-breadcrumbs\" data-id=\"1f85eacd\" data-element_type=\"widget\" data-e-type=\"widget\" data-widget_type=\"eael-breadcrumbs.default\">\n\t\t\t\t<div class=\"elementor-widget-container\">\n\t\t\t\t\t\t\t<div class=\"eael-breadcrumbs\">\n\t\t\t<div class=\"eael-breadcrumbs__content\"><a href=\"https:\/\/kiviksmusteri.se\/en\">Hem<\/a> <span class=\"eael-breadcrumb-separator\">\/<\/span> <span class = \"eael-current\">Page<\/span><\/div>\t\t<\/div>\n\t\t\t\t\t\t<\/div>\n\t\t\t\t<\/div>\n\t\t\t\t<\/div>\n\t\t<div class=\"elementor-element elementor-element-7819e74 e-flex e-con-boxed tmpcoder-jarallax-no tmpcoder-parallax-no tmpcoder-particle-no tmpcoder-sticky-section-no e-con e-parent\" data-id=\"7819e74\" data-element_type=\"container\" data-e-type=\"container\">\n\t\t\t\t\t<div class=\"e-con-inner\">\n\t\t\t\t\t<\/div>\n\t\t\t\t<\/div>\n\t\t<div class=\"elementor-element elementor-element-665767e5 animated-slow e-flex e-con-boxed tmpcoder-jarallax-no tmpcoder-parallax-no tmpcoder-particle-no tmpcoder-sticky-section-no elementor-invisible e-con e-parent\" data-id=\"665767e5\" data-element_type=\"container\" data-e-type=\"container\" data-settings=\"{&quot;background_background&quot;:&quot;classic&quot;,&quot;animation&quot;:&quot;fadeIn&quot;,&quot;animation_delay&quot;:700,&quot;animation_mobile&quot;:&quot;none&quot;}\">\n\t\t\t\t\t<div class=\"e-con-inner\">\n\t\t\t\t<div class=\"elementor-element elementor-element-57712f8f elementor-widget elementor-widget-text-editor\" data-id=\"57712f8f\" data-element_type=\"widget\" data-e-type=\"widget\" data-widget_type=\"text-editor.default\">\n\t\t\t\t<div class=\"elementor-widget-container\">\n\t\t\t\t\t\t\t\t\t<p class=\"p1\">Kiviks Musteri har sitt ursprung p\u00e5 \u00d6sterlen, och platsen genomsyrar hela verksamheten. V\u00e5r vision handlar om att dela den k\u00e4nslan \u2013 att levandeg\u00f6ra \u00d6sterlen och samtidigt skapa l\u00e5ngsiktiga m\u00f6jligheter f\u00f6r dem som bor och verkar h\u00e4r. V\u00e5r aff\u00e4rsid\u00e9 beskriver hur vi g\u00f6r det: att odla, f\u00f6r\u00e4dla, marknadsf\u00f6ra och s\u00e4lja produkter baserade p\u00e5 frukt, b\u00e4r och gr\u00f6nsaker som \u00e4r marknadens sj\u00e4lvklara val.<\/p>\t\t\t\t\t\t\t\t<\/div>\n\t\t\t\t<\/div>\n\t\t\t\t\t<\/div>\n\t\t\t\t<\/div>\n\t\t<div class=\"elementor-element elementor-element-7538ac73 e-flex e-con-boxed tmpcoder-jarallax-no tmpcoder-parallax-no tmpcoder-particle-no tmpcoder-sticky-section-no e-con e-parent\" data-id=\"7538ac73\" data-element_type=\"container\" data-e-type=\"container\" data-settings=\"{&quot;background_background&quot;:&quot;classic&quot;}\">\n\t\t\t\t\t<div class=\"e-con-inner\">\n\t\t<div class=\"elementor-element elementor-element-6f7a1b19 e-con-full e-flex tmpcoder-jarallax-no tmpcoder-parallax-no tmpcoder-particle-no tmpcoder-sticky-section-no elementor-invisible e-con e-child\" data-id=\"6f7a1b19\" data-element_type=\"container\" data-e-type=\"container\" data-settings=\"{&quot;animation&quot;:&quot;fadeIn&quot;,&quot;animation_delay&quot;:300}\">\n\t\t\t\t<div class=\"elementor-element elementor-element-64581fb1 elementor-widget elementor-widget-image\" data-id=\"64581fb1\" data-element_type=\"widget\" data-e-type=\"widget\" data-widget_type=\"image.default\">\n\t\t\t\t<div class=\"elementor-widget-container\">\n\t\t\t\t\t\t\t\t\t\t\t\t\t\t\t<img decoding=\"async\" width=\"800\" height=\"833\" src=\"https:\/\/kiviksmusteri.se\/wp-content\/uploads\/2025\/11\/IMG_6097-984x1024.jpg\" class=\"attachment-large size-large wp-image-8259\" alt=\"\" srcset=\"https:\/\/kiviksmusteri.se\/wp-content\/uploads\/2025\/11\/IMG_6097-984x1024.jpg 984w, https:\/\/kiviksmusteri.se\/wp-content\/uploads\/2025\/11\/IMG_6097-288x300.jpg 288w, https:\/\/kiviksmusteri.se\/wp-content\/uploads\/2025\/11\/IMG_6097-768x799.jpg 768w, https:\/\/kiviksmusteri.se\/wp-content\/uploads\/2025\/11\/IMG_6097-1476x1536.jpg 1476w, https:\/\/kiviksmusteri.se\/wp-content\/uploads\/2025\/11\/IMG_6097-1968x2048.jpg 1968w, https:\/\/kiviksmusteri.se\/wp-content\/uploads\/2025\/11\/IMG_6097-300x312.jpg 300w, https:\/\/kiviksmusteri.se\/wp-content\/uploads\/2025\/11\/IMG_6097-600x625.jpg 600w\" sizes=\"(max-width: 800px) 100vw, 800px\" \/>\t\t\t\t\t\t\t\t\t\t\t\t\t\t\t<\/div>\n\t\t\t\t<\/div>\n\t\t\t\t<\/div>\n\t\t<div class=\"elementor-element elementor-element-30bae45f e-con-full e-flex tmpcoder-jarallax-no tmpcoder-parallax-no tmpcoder-particle-no tmpcoder-sticky-section-no elementor-invisible e-con e-child\" data-id=\"30bae45f\" data-element_type=\"container\" data-e-type=\"container\" data-settings=\"{&quot;animation&quot;:&quot;fadeIn&quot;,&quot;animation_delay&quot;:500}\">\n\t\t\t\t<div class=\"elementor-element elementor-element-6c93f527 elementor-widget elementor-widget-heading\" data-id=\"6c93f527\" data-element_type=\"widget\" data-e-type=\"widget\" data-widget_type=\"heading.default\">\n\t\t\t\t<div class=\"elementor-widget-container\">\n\t\t\t\t\t<h5 class=\"elementor-heading-title elementor-size-default\">V\u00e5rt ursprung och v\u00e5rt ansvar<\/h5>\t\t\t\t<\/div>\n\t\t\t\t<\/div>\n\t\t\t\t<div class=\"elementor-element elementor-element-22d0c0f3 elementor-widget elementor-widget-heading\" data-id=\"22d0c0f3\" data-element_type=\"widget\" data-e-type=\"widget\" data-widget_type=\"heading.default\">\n\t\t\t\t<div class=\"elementor-widget-container\">\n\t\t\t\t\t<h2 class=\"elementor-heading-title elementor-size-default\">Ett levande \u00d6sterlen<\/h2>\t\t\t\t<\/div>\n\t\t\t\t<\/div>\n\t\t\t\t<div class=\"elementor-element elementor-element-1b8d4c7 elementor-widget elementor-widget-text-editor\" data-id=\"1b8d4c7\" data-element_type=\"widget\" data-e-type=\"widget\" data-widget_type=\"text-editor.default\">\n\t\t\t\t<div class=\"elementor-widget-container\">\n\t\t\t\t\t\t\t\t\t<p class=\"p1\">\u00d6sterlen \u00e4r den punkt allt utg\u00e5r fr\u00e5n. H\u00e4r finns milj\u00f6n, ljuset och kulturen som format b\u00e5de f\u00f6retaget och m\u00e4nniskorna som arbetar h\u00e4r. V\u00e5r vision bygger p\u00e5 att fler ska kunna ta del av denna plats, \u00e4ven de som inte kan komma hit. D\u00e4rf\u00f6r vill vi f\u00f6ra k\u00e4nslan av \u00d6sterlen vidare genom v\u00e5ra produkter och genom de m\u00f6ten vi skapar runt om i landet.<\/p><p class=\"p1\">Samtidigt handlar visionen om att bidra till livskraft h\u00e4r hemma. Genom v\u00e5r tillv\u00e4xt skapar vi m\u00f6jligheter f\u00f6r kollegor, leverant\u00f6rer och deras familjer att forts\u00e4tta leva och arbeta p\u00e5 \u00d6sterlen. V\u00e5rt engagemang i kultur, f\u00f6reningsliv, milj\u00f6 och livsmedelsbranschens utveckling \u00e4r en del av att h\u00e5lla platsen levande.<\/p>\t\t\t\t\t\t\t\t<\/div>\n\t\t\t\t<\/div>\n\t\t\t\t<\/div>\n\t\t\t\t\t<\/div>\n\t\t\t\t<\/div>\n\t\t<div class=\"elementor-element elementor-element-4eb801fb e-flex e-con-boxed tmpcoder-jarallax-no tmpcoder-parallax-no tmpcoder-particle-no tmpcoder-sticky-section-no e-con e-parent\" data-id=\"4eb801fb\" data-element_type=\"container\" data-e-type=\"container\" data-settings=\"{&quot;background_background&quot;:&quot;classic&quot;}\">\n\t\t\t\t\t<div class=\"e-con-inner\">\n\t\t<div class=\"elementor-element elementor-element-3bec9fe0 e-con-full e-flex tmpcoder-jarallax-no tmpcoder-parallax-no tmpcoder-particle-no tmpcoder-sticky-section-no elementor-invisible e-con e-child\" data-id=\"3bec9fe0\" data-element_type=\"container\" data-e-type=\"container\" data-settings=\"{&quot;animation&quot;:&quot;fadeIn&quot;,&quot;animation_delay&quot;:300,&quot;background_background&quot;:&quot;classic&quot;}\">\n\t\t\t\t<div class=\"elementor-element elementor-element-cf60d2b elementor-widget elementor-widget-image\" data-id=\"cf60d2b\" data-element_type=\"widget\" data-e-type=\"widget\" data-widget_type=\"image.default\">\n\t\t\t\t<div class=\"elementor-widget-container\">\n\t\t\t\t\t\t\t\t\t\t\t\t\t\t\t<img decoding=\"async\" width=\"800\" height=\"930\" src=\"https:\/\/kiviksmusteri.se\/wp-content\/uploads\/2025\/11\/IMG_5111-881x1024.jpg\" class=\"attachment-large size-large wp-image-8260\" alt=\"\" srcset=\"https:\/\/kiviksmusteri.se\/wp-content\/uploads\/2025\/11\/IMG_5111-881x1024.jpg 881w, https:\/\/kiviksmusteri.se\/wp-content\/uploads\/2025\/11\/IMG_5111-258x300.jpg 258w, https:\/\/kiviksmusteri.se\/wp-content\/uploads\/2025\/11\/IMG_5111-768x893.jpg 768w, https:\/\/kiviksmusteri.se\/wp-content\/uploads\/2025\/11\/IMG_5111-1321x1536.jpg 1321w, https:\/\/kiviksmusteri.se\/wp-content\/uploads\/2025\/11\/IMG_5111-1762x2048.jpg 1762w, https:\/\/kiviksmusteri.se\/wp-content\/uploads\/2025\/11\/IMG_5111-300x349.jpg 300w, https:\/\/kiviksmusteri.se\/wp-content\/uploads\/2025\/11\/IMG_5111-600x697.jpg 600w\" sizes=\"(max-width: 800px) 100vw, 800px\" \/>\t\t\t\t\t\t\t\t\t\t\t\t\t\t\t<\/div>\n\t\t\t\t<\/div>\n\t\t\t\t<\/div>\n\t\t<div class=\"elementor-element elementor-element-1dbc86f3 e-con-full e-flex tmpcoder-jarallax-no tmpcoder-parallax-no tmpcoder-particle-no tmpcoder-sticky-section-no elementor-invisible e-con e-child\" data-id=\"1dbc86f3\" data-element_type=\"container\" data-e-type=\"container\" data-settings=\"{&quot;animation&quot;:&quot;fadeIn&quot;,&quot;animation_delay&quot;:500}\">\n\t\t\t\t<div class=\"elementor-element elementor-element-199e3a76 elementor-widget elementor-widget-heading\" data-id=\"199e3a76\" data-element_type=\"widget\" data-e-type=\"widget\" data-widget_type=\"heading.default\">\n\t\t\t\t<div class=\"elementor-widget-container\">\n\t\t\t\t\t<h5 class=\"elementor-heading-title elementor-size-default\">S\u00e5 oms\u00e4tter vi v\u00e5r vision i praktiken<\/h5>\t\t\t\t<\/div>\n\t\t\t\t<\/div>\n\t\t\t\t<div class=\"elementor-element elementor-element-79bbf6a elementor-widget elementor-widget-heading\" data-id=\"79bbf6a\" data-element_type=\"widget\" data-e-type=\"widget\" data-widget_type=\"heading.default\">\n\t\t\t\t<div class=\"elementor-widget-container\">\n\t\t\t\t\t<h2 class=\"elementor-heading-title elementor-size-default\">Aff\u00e4rsid\u00e9 med tydligt ursprung<\/h2>\t\t\t\t<\/div>\n\t\t\t\t<\/div>\n\t\t\t\t<div class=\"elementor-element elementor-element-12a9f80a elementor-widget elementor-widget-text-editor\" data-id=\"12a9f80a\" data-element_type=\"widget\" data-e-type=\"widget\" data-widget_type=\"text-editor.default\">\n\t\t\t\t<div class=\"elementor-widget-container\">\n\t\t\t\t\t\t\t\t\t<p class=\"p1\">V\u00e5r aff\u00e4rsid\u00e9 \u00e4r tydlig: <strong>Kiviks Musteri odlar, f\u00f6r\u00e4dlar, marknadsf\u00f6r och s\u00e4ljer produkter baserade p\u00e5 frukt, b\u00e4r och gr\u00f6nsaker som \u00e4r marknadens sj\u00e4lvklara val.<\/strong> Det \u00e4r den princip som styr hela v\u00e5r verksamhet, fr\u00e5n odling till f\u00e4rdig produkt.<\/p><p class=\"p1\">Arbetet bygger p\u00e5 hantverkstradition kombinerad med modern teknik och ett l\u00e5ngsiktigt syns\u00e4tt p\u00e5 kvalitet och r\u00e5varor. Genom att h\u00e5lla fast vid v\u00e5rt ursprung och samtidigt utveckla v\u00e5ra metoder skapar vi produkter som b\u00e4r vidare karakt\u00e4ren av \u00d6sterlen och den id\u00e9 som f\u00f6retaget vilar p\u00e5.<\/p>\t\t\t\t\t\t\t\t<\/div>\n\t\t\t\t<\/div>\n\t\t\t\t<\/div>\n\t\t\t\t\t<\/div>\n\t\t\t\t<\/div>\n\t\t\t\t<\/div>\n\t\t","protected":false},"excerpt":{"rendered":"<p>Utg\u00e5ngspunkten f\u00f6r v\u00e5rt arbete V\u00e5r vision &amp; aff\u00e4rsid\u00e9 Hem \/ Sida Kiviks Musteri har sitt ursprung p\u00e5 \u00d6sterlen, och platsen genomsyrar hela verksamheten. V\u00e5r vision handlar om att dela den k\u00e4nslan \u2013 att levandeg\u00f6ra \u00d6sterlen och samtidigt skapa l\u00e5ngsiktiga m\u00f6jligheter f\u00f6r dem som bor och verkar h\u00e4r. V\u00e5r aff\u00e4rsid\u00e9 beskriver hur vi g\u00f6r det: att [&hellip;]<\/p>\n","protected":false},"author":1,"featured_media":0,"parent":3347,"menu_order":0,"comment_status":"closed","ping_status":"closed","template":"","meta":{"_acf_changed":false,"footnotes":""},"class_list":["post-8256","page","type-page","status-publish","hentry"],"acf":[],"yoast_head":"<!-- This site is optimized with the Yoast SEO plugin v27.2 - https:\/\/yoast.com\/product\/yoast-seo-wordpress\/ -->\n<title>V\u00e5r vision och aff\u00e4rside | Kiviks Musteri<\/title>\n<meta name=\"robots\" content=\"index, follow, max-snippet:-1, max-image-preview:large, max-video-preview:-1\" \/>\n<link rel=\"canonical\" href=\"https:\/\/kiviksmusteri.se\/en\/om-oss\/vision-affarside\/\" \/>\n<meta property=\"og:locale\" content=\"en_GB\" \/>\n<meta property=\"og:type\" content=\"article\" \/>\n<meta property=\"og:title\" content=\"V\u00e5r vision och aff\u00e4rside | Kiviks Musteri\" \/>\n<meta property=\"og:description\" content=\"Utg\u00e5ngspunkten f\u00f6r v\u00e5rt arbete V\u00e5r vision &amp; aff\u00e4rsid\u00e9 Hem \/ Sida Kiviks Musteri har sitt ursprung p\u00e5 \u00d6sterlen, och platsen genomsyrar hela verksamheten. V\u00e5r vision handlar om att dela den k\u00e4nslan \u2013 att levandeg\u00f6ra \u00d6sterlen och samtidigt skapa l\u00e5ngsiktiga m\u00f6jligheter f\u00f6r dem som bor och verkar h\u00e4r. V\u00e5r aff\u00e4rsid\u00e9 beskriver hur vi g\u00f6r det: att [&hellip;]\" \/>\n<meta property=\"og:url\" content=\"https:\/\/kiviksmusteri.se\/en\/om-oss\/vision-affarside\/\" \/>\n<meta property=\"og:site_name\" content=\"Kiviks Musteri\" \/>\n<meta property=\"article:publisher\" content=\"https:\/\/www.facebook.com\/KiviksMusteri\" \/>\n<meta property=\"article:modified_time\" content=\"2026-02-13T07:08:46+00:00\" \/>\n<meta property=\"og:image\" content=\"https:\/\/kiviksmusteri.se\/wp-content\/uploads\/2025\/11\/IMG_6097-984x1024.jpg\" \/>\n<meta name=\"twitter:card\" content=\"summary_large_image\" \/>\n<meta name=\"twitter:label1\" content=\"Estimated reading time\" \/>\n\t<meta name=\"twitter:data1\" content=\"2 minutes\" \/>\n<script type=\"application\/ld+json\" class=\"yoast-schema-graph\">{\"@context\":\"https:\/\/schema.org\",\"@graph\":[{\"@type\":\"WebPage\",\"@id\":\"https:\/\/kiviksmusteri.se\/om-oss\/vision-affarside\/\",\"url\":\"https:\/\/kiviksmusteri.se\/om-oss\/vision-affarside\/\",\"name\":\"V\u00e5r vision och aff\u00e4rside | Kiviks Musteri\",\"isPartOf\":{\"@id\":\"https:\/\/kiviksmusteri.se\/#website\"},\"primaryImageOfPage\":{\"@id\":\"https:\/\/kiviksmusteri.se\/om-oss\/vision-affarside\/#primaryimage\"},\"image\":{\"@id\":\"https:\/\/kiviksmusteri.se\/om-oss\/vision-affarside\/#primaryimage\"},\"thumbnailUrl\":\"https:\/\/kiviksmusteri.se\/wp-content\/uploads\/2025\/11\/IMG_6097-984x1024.jpg\",\"datePublished\":\"2025-11-16T12:20:29+00:00\",\"dateModified\":\"2026-02-13T07:08:46+00:00\",\"breadcrumb\":{\"@id\":\"https:\/\/kiviksmusteri.se\/om-oss\/vision-affarside\/#breadcrumb\"},\"inLanguage\":\"en-GB\",\"potentialAction\":[{\"@type\":\"ReadAction\",\"target\":[\"https:\/\/kiviksmusteri.se\/om-oss\/vision-affarside\/\"]}]},{\"@type\":\"ImageObject\",\"inLanguage\":\"en-GB\",\"@id\":\"https:\/\/kiviksmusteri.se\/om-oss\/vision-affarside\/#primaryimage\",\"url\":\"https:\/\/kiviksmusteri.se\/wp-content\/uploads\/2025\/11\/IMG_6097-984x1024.jpg\",\"contentUrl\":\"https:\/\/kiviksmusteri.se\/wp-content\/uploads\/2025\/11\/IMG_6097-984x1024.jpg\"},{\"@type\":\"BreadcrumbList\",\"@id\":\"https:\/\/kiviksmusteri.se\/om-oss\/vision-affarside\/#breadcrumb\",\"itemListElement\":[{\"@type\":\"ListItem\",\"position\":1,\"name\":\"Hem\",\"item\":\"https:\/\/kiviksmusteri.se\/\"},{\"@type\":\"ListItem\",\"position\":2,\"name\":\"Om oss\",\"item\":\"https:\/\/kiviksmusteri.se\/om-oss\/\"},{\"@type\":\"ListItem\",\"position\":3,\"name\":\"Vision &#038; Aff\u00e4rsid\u00e9\"}]},{\"@type\":\"WebSite\",\"@id\":\"https:\/\/kiviksmusteri.se\/#website\",\"url\":\"https:\/\/kiviksmusteri.se\/\",\"name\":\"Kiviks Musteri\",\"description\":\"\",\"publisher\":{\"@id\":\"https:\/\/kiviksmusteri.se\/#organization\"},\"potentialAction\":[{\"@type\":\"SearchAction\",\"target\":{\"@type\":\"EntryPoint\",\"urlTemplate\":\"https:\/\/kiviksmusteri.se\/?s={search_term_string}\"},\"query-input\":{\"@type\":\"PropertyValueSpecification\",\"valueRequired\":true,\"valueName\":\"search_term_string\"}}],\"inLanguage\":\"en-GB\"},{\"@type\":\"Organization\",\"@id\":\"https:\/\/kiviksmusteri.se\/#organization\",\"name\":\"Kiviks Musteri\",\"url\":\"https:\/\/kiviksmusteri.se\/\",\"logo\":{\"@type\":\"ImageObject\",\"inLanguage\":\"en-GB\",\"@id\":\"https:\/\/kiviksmusteri.se\/#\/schema\/logo\/image\/\",\"url\":\"https:\/\/kiviksmusteri.se\/wp-content\/uploads\/2025\/06\/apple.svg\",\"contentUrl\":\"https:\/\/kiviksmusteri.se\/wp-content\/uploads\/2025\/06\/apple.svg\",\"width\":449,\"height\":525,\"caption\":\"Kiviks Musteri\"},\"image\":{\"@id\":\"https:\/\/kiviksmusteri.se\/#\/schema\/logo\/image\/\"},\"sameAs\":[\"https:\/\/www.facebook.com\/KiviksMusteri\",\"https:\/\/www.instagram.com\/kiviksmusteri\/\",\"https:\/\/www.youtube.com\/@kiviksmusteri6272\",\"https:\/\/se.linkedin.com\/company\/kiviks-musteri\"]}]}<\/script>\n<!-- \/ Yoast SEO plugin. -->","yoast_head_json":{"title":"V\u00e5r vision och aff\u00e4rside | Kiviks Musteri","robots":{"index":"index","follow":"follow","max-snippet":"max-snippet:-1","max-image-preview":"max-image-preview:large","max-video-preview":"max-video-preview:-1"},"canonical":"https:\/\/kiviksmusteri.se\/en\/om-oss\/vision-affarside\/","og_locale":"en_GB","og_type":"article","og_title":"V\u00e5r vision och aff\u00e4rside | Kiviks Musteri","og_description":"Utg\u00e5ngspunkten f\u00f6r v\u00e5rt arbete V\u00e5r vision &amp; aff\u00e4rsid\u00e9 Hem \/ Sida Kiviks Musteri har sitt ursprung p\u00e5 \u00d6sterlen, och platsen genomsyrar hela verksamheten. V\u00e5r vision handlar om att dela den k\u00e4nslan \u2013 att levandeg\u00f6ra \u00d6sterlen och samtidigt skapa l\u00e5ngsiktiga m\u00f6jligheter f\u00f6r dem som bor och verkar h\u00e4r. V\u00e5r aff\u00e4rsid\u00e9 beskriver hur vi g\u00f6r det: att [&hellip;]","og_url":"https:\/\/kiviksmusteri.se\/en\/om-oss\/vision-affarside\/","og_site_name":"Kiviks Musteri","article_publisher":"https:\/\/www.facebook.com\/KiviksMusteri","article_modified_time":"2026-02-13T07:08:46+00:00","og_image":[{"url":"https:\/\/kiviksmusteri.se\/wp-content\/uploads\/2025\/11\/IMG_6097-984x1024.jpg","type":"","width":"","height":""}],"twitter_card":"summary_large_image","twitter_misc":{"Estimated reading time":"2 minutes"},"schema":{"@context":"https:\/\/schema.org","@graph":[{"@type":"WebPage","@id":"https:\/\/kiviksmusteri.se\/om-oss\/vision-affarside\/","url":"https:\/\/kiviksmusteri.se\/om-oss\/vision-affarside\/","name":"V\u00e5r vision och aff\u00e4rside | Kiviks Musteri","isPartOf":{"@id":"https:\/\/kiviksmusteri.se\/#website"},"primaryImageOfPage":{"@id":"https:\/\/kiviksmusteri.se\/om-oss\/vision-affarside\/#primaryimage"},"image":{"@id":"https:\/\/kiviksmusteri.se\/om-oss\/vision-affarside\/#primaryimage"},"thumbnailUrl":"https:\/\/kiviksmusteri.se\/wp-content\/uploads\/2025\/11\/IMG_6097-984x1024.jpg","datePublished":"2025-11-16T12:20:29+00:00","dateModified":"2026-02-13T07:08:46+00:00","breadcrumb":{"@id":"https:\/\/kiviksmusteri.se\/om-oss\/vision-affarside\/#breadcrumb"},"inLanguage":"en-GB","potentialAction":[{"@type":"ReadAction","target":["https:\/\/kiviksmusteri.se\/om-oss\/vision-affarside\/"]}]},{"@type":"ImageObject","inLanguage":"en-GB","@id":"https:\/\/kiviksmusteri.se\/om-oss\/vision-affarside\/#primaryimage","url":"https:\/\/kiviksmusteri.se\/wp-content\/uploads\/2025\/11\/IMG_6097-984x1024.jpg","contentUrl":"https:\/\/kiviksmusteri.se\/wp-content\/uploads\/2025\/11\/IMG_6097-984x1024.jpg"},{"@type":"BreadcrumbList","@id":"https:\/\/kiviksmusteri.se\/om-oss\/vision-affarside\/#breadcrumb","itemListElement":[{"@type":"ListItem","position":1,"name":"Hem","item":"https:\/\/kiviksmusteri.se\/"},{"@type":"ListItem","position":2,"name":"Om oss","item":"https:\/\/kiviksmusteri.se\/om-oss\/"},{"@type":"ListItem","position":3,"name":"Vision &#038; Aff\u00e4rsid\u00e9"}]},{"@type":"WebSite","@id":"https:\/\/kiviksmusteri.se\/#website","url":"https:\/\/kiviksmusteri.se\/","name":"Kiviks Musteri","description":"","publisher":{"@id":"https:\/\/kiviksmusteri.se\/#organization"},"potentialAction":[{"@type":"SearchAction","target":{"@type":"EntryPoint","urlTemplate":"https:\/\/kiviksmusteri.se\/?s={search_term_string}"},"query-input":{"@type":"PropertyValueSpecification","valueRequired":true,"valueName":"search_term_string"}}],"inLanguage":"en-GB"},{"@type":"Organization","@id":"https:\/\/kiviksmusteri.se\/#organization","name":"Kiviks Musteri","url":"https:\/\/kiviksmusteri.se\/","logo":{"@type":"ImageObject","inLanguage":"en-GB","@id":"https:\/\/kiviksmusteri.se\/#\/schema\/logo\/image\/","url":"https:\/\/kiviksmusteri.se\/wp-content\/uploads\/2025\/06\/apple.svg","contentUrl":"https:\/\/kiviksmusteri.se\/wp-content\/uploads\/2025\/06\/apple.svg","width":449,"height":525,"caption":"Kiviks Musteri"},"image":{"@id":"https:\/\/kiviksmusteri.se\/#\/schema\/logo\/image\/"},"sameAs":["https:\/\/www.facebook.com\/KiviksMusteri","https:\/\/www.instagram.com\/kiviksmusteri\/","https:\/\/www.youtube.com\/@kiviksmusteri6272","https:\/\/se.linkedin.com\/company\/kiviks-musteri"]}]}},"_links":{"self":[{"href":"https:\/\/kiviksmusteri.se\/en\/wp-json\/wp\/v2\/pages\/8256","targetHints":{"allow":["GET"]}}],"collection":[{"href":"https:\/\/kiviksmusteri.se\/en\/wp-json\/wp\/v2\/pages"}],"about":[{"href":"https:\/\/kiviksmusteri.se\/en\/wp-json\/wp\/v2\/types\/page"}],"author":[{"embeddable":true,"href":"https:\/\/kiviksmusteri.se\/en\/wp-json\/wp\/v2\/users\/1"}],"replies":[{"embeddable":true,"href":"https:\/\/kiviksmusteri.se\/en\/wp-json\/wp\/v2\/comments?post=8256"}],"version-history":[{"count":24,"href":"https:\/\/kiviksmusteri.se\/en\/wp-json\/wp\/v2\/pages\/8256\/revisions"}],"predecessor-version":[{"id":12616,"href":"https:\/\/kiviksmusteri.se\/en\/wp-json\/wp\/v2\/pages\/8256\/revisions\/12616"}],"up":[{"embeddable":true,"href":"https:\/\/kiviksmusteri.se\/en\/wp-json\/wp\/v2\/pages\/3347"}],"wp:attachment":[{"href":"https:\/\/kiviksmusteri.se\/en\/wp-json\/wp\/v2\/media?parent=8256"}],"curies":[{"name":"wp","href":"https:\/\/api.w.org\/{rel}","templated":true}]}}