{"id":9981,"date":"2025-12-05T12:32:31","date_gmt":"2025-12-05T12:32:31","guid":{"rendered":"https:\/\/kivikstaging.hemsida.eu\/?page_id=9981"},"modified":"2026-04-10T13:20:58","modified_gmt":"2026-04-10T13:20:58","slug":"sponsring","status":"publish","type":"page","link":"https:\/\/kiviksmusteri.se\/en\/kontakt\/sponsring\/","title":{"rendered":"Sponsorship"},"content":{"rendered":"\t\t<div data-elementor-type=\"wp-page\" data-elementor-id=\"9981\" class=\"elementor elementor-9981\" data-elementor-post-type=\"page\">\n\t\t\t\t<div class=\"elementor-element elementor-element-4bd521c e-flex e-con-boxed tmpcoder-jarallax-no tmpcoder-parallax-no tmpcoder-particle-no tmpcoder-sticky-section-no e-con e-parent\" data-id=\"4bd521c\" data-element_type=\"container\" data-e-type=\"container\" data-settings=\"{&quot;background_background&quot;:&quot;classic&quot;,&quot;background_motion_fx_motion_fx_scrolling&quot;:&quot;yes&quot;,&quot;background_motion_fx_translateY_effect&quot;:&quot;yes&quot;,&quot;background_motion_fx_translateY_speed&quot;:{&quot;unit&quot;:&quot;px&quot;,&quot;size&quot;:4.4,&quot;sizes&quot;:[]},&quot;background_motion_fx_devices&quot;:[&quot;widescreen&quot;,&quot;desktop&quot;,&quot;laptop&quot;],&quot;background_motion_fx_translateY_affectedRange&quot;:{&quot;unit&quot;:&quot;%&quot;,&quot;size&quot;:&quot;&quot;,&quot;sizes&quot;:{&quot;start&quot;:0,&quot;end&quot;:100}}}\">\n\t\t\t\t\t<div class=\"e-con-inner\">\n\t\t\t\t<div class=\"elementor-element elementor-element-5b6bb5c elementor-invisible elementor-widget elementor-widget-heading\" data-id=\"5b6bb5c\" data-element_type=\"widget\" data-e-type=\"widget\" data-settings=\"{&quot;motion_fx_motion_fx_scrolling&quot;:&quot;yes&quot;,&quot;motion_fx_translateY_effect&quot;:&quot;yes&quot;,&quot;motion_fx_translateY_direction&quot;:&quot;negative&quot;,&quot;motion_fx_translateY_speed&quot;:{&quot;unit&quot;:&quot;px&quot;,&quot;size&quot;:0.8,&quot;sizes&quot;:[]},&quot;_animation&quot;:&quot;fadeInUp&quot;,&quot;_animation_delay&quot;:500,&quot;motion_fx_devices&quot;:[&quot;widescreen&quot;,&quot;desktop&quot;,&quot;laptop&quot;],&quot;motion_fx_translateY_affectedRange&quot;:{&quot;unit&quot;:&quot;%&quot;,&quot;size&quot;:&quot;&quot;,&quot;sizes&quot;:{&quot;start&quot;:0,&quot;end&quot;:100}}}\" data-widget_type=\"heading.default\">\n\t\t\t\t<div class=\"elementor-widget-container\">\n\t\t\t\t\t<h2 class=\"elementor-heading-title elementor-size-default\">Skicka en f\u00f6rfr\u00e5gan om <\/h2>\t\t\t\t<\/div>\n\t\t\t\t<\/div>\n\t\t\t\t<div class=\"elementor-element elementor-element-ec7ab28 elementor-invisible elementor-widget elementor-widget-heading\" data-id=\"ec7ab28\" data-element_type=\"widget\" data-e-type=\"widget\" data-settings=\"{&quot;motion_fx_motion_fx_scrolling&quot;:&quot;yes&quot;,&quot;motion_fx_translateY_effect&quot;:&quot;yes&quot;,&quot;motion_fx_translateY_direction&quot;:&quot;negative&quot;,&quot;motion_fx_translateY_speed&quot;:{&quot;unit&quot;:&quot;px&quot;,&quot;size&quot;:0.8,&quot;sizes&quot;:[]},&quot;_animation&quot;:&quot;fadeInUp&quot;,&quot;_animation_delay&quot;:800,&quot;motion_fx_devices&quot;:[&quot;widescreen&quot;,&quot;desktop&quot;,&quot;laptop&quot;],&quot;motion_fx_translateY_affectedRange&quot;:{&quot;unit&quot;:&quot;%&quot;,&quot;size&quot;:&quot;&quot;,&quot;sizes&quot;:{&quot;start&quot;:0,&quot;end&quot;:100}}}\" data-widget_type=\"heading.default\">\n\t\t\t\t<div class=\"elementor-widget-container\">\n\t\t\t\t\t<h1 class=\"elementor-heading-title elementor-size-default\">Sponsring<\/h1>\t\t\t\t<\/div>\n\t\t\t\t<\/div>\n\t\t\t\t\t<\/div>\n\t\t\t\t<\/div>\n\t\t<div class=\"elementor-element elementor-element-81c4ae4 animated-slow e-flex e-con-boxed tmpcoder-jarallax-no tmpcoder-parallax-no tmpcoder-particle-no tmpcoder-sticky-section-no elementor-invisible e-con e-parent\" data-id=\"81c4ae4\" data-element_type=\"container\" data-e-type=\"container\" data-settings=\"{&quot;background_background&quot;:&quot;classic&quot;,&quot;animation&quot;:&quot;fadeIn&quot;,&quot;animation_delay&quot;:700,&quot;animation_mobile&quot;:&quot;none&quot;}\">\n\t\t\t\t\t<div class=\"e-con-inner\">\n\t\t\t\t<div class=\"elementor-element elementor-element-b0e52f2 elementor-widget elementor-widget-text-editor\" data-id=\"b0e52f2\" data-element_type=\"widget\" data-e-type=\"widget\" data-widget_type=\"text-editor.default\">\n\t\t\t\t<div class=\"elementor-widget-container\">\n\t\t\t\t\t\t\t\t\t<p>V\u00e5r sponsring g\u00e5r i linje med v\u00e5r vision, <strong>Ett levande \u00d6sterlen<\/strong>. D\u00e4rf\u00f6r vill vi fr\u00e4mja lokala aktiviteter inom f\u00f6reningsliv och kultur s\u00e5 att fler vill verka och bo h\u00e4r. H\u00e4r \u00e4r naturen och utomhusmilj\u00f6n fantastisk, h\u00e4r m\u00e5r man lite b\u00e4ttre. H\u00e4lsa och v\u00e4lbefinnande \u00e4r viktigt, oavsett i vilken form, och vi vill att v\u00e5r sponsring ska fr\u00e4mja detta.<\/p><p class=\"p1\"><strong>Vi tar emot och behandlar ans\u00f6kningar tv\u00e5 g\u00e5nger per \u00e5r: i april och augusti.<br \/><\/strong><\/p>\t\t\t\t\t\t\t\t<\/div>\n\t\t\t\t<\/div>\n\t\t\t\t\t<\/div>\n\t\t\t\t<\/div>\n\t\t<div class=\"elementor-element elementor-element-a000fd5 e-flex e-con-boxed tmpcoder-jarallax-no tmpcoder-parallax-no tmpcoder-particle-no tmpcoder-sticky-section-no e-con e-parent\" data-id=\"a000fd5\" data-element_type=\"container\" data-e-type=\"container\" data-settings=\"{&quot;background_background&quot;:&quot;classic&quot;}\">\n\t\t\t\t\t<div class=\"e-con-inner\">\n\t\t\t\t<div class=\"elementor-element elementor-element-d0ebd59 elementor-hidden-tablet elementor-hidden-mobile_extra elementor-hidden-mobile elementor-widget elementor-widget-text-editor\" data-id=\"d0ebd59\" data-element_type=\"widget\" data-e-type=\"widget\" data-widget_type=\"text-editor.default\">\n\t\t\t\t<div class=\"elementor-widget-container\">\n\t\t\t\t\t\t\t\t\t<p class=\"p1\">V\u00e4nligen fyll i uppgifterna nedan s\u00e5 att vi kan ta del av er sponsringsf\u00f6rfr\u00e5gan p\u00e5 ett s\u00e5 bra s\u00e4tt som m\u00f6jligt. Ju tydligare information vi f\u00e5r fr\u00e5n b\u00f6rjan, desto l\u00e4ttare blir det f\u00f6r oss att g\u00f6ra en r\u00e4ttvis och omsorgsfull bed\u00f6mning. Tack f\u00f6r att ni tar er tid att skicka in er ans\u00f6kan.<\/p>\t\t\t\t\t\t\t\t<\/div>\n\t\t\t\t<\/div>\n\t\t\t\t<div class=\"elementor-element elementor-element-d323247 elementor-button-align-center elementor-widget elementor-widget-form\" data-id=\"d323247\" data-element_type=\"widget\" data-e-type=\"widget\" data-settings=\"{&quot;step_next_label&quot;:&quot;N\\u00e4sta&quot;,&quot;step_previous_label&quot;:&quot;F\\u00f6reg\\u00e5ende&quot;,&quot;button_width&quot;:&quot;100&quot;,&quot;step_type&quot;:&quot;number_text&quot;,&quot;step_icon_shape&quot;:&quot;circle&quot;}\" data-widget_type=\"form.default\">\n\t\t\t\t<div class=\"elementor-widget-container\">\n\t\t\t\t\t\t\t<form class=\"elementor-form\" method=\"post\" name=\"Sponsrin\" aria-label=\"Sponsrin\">\n\t\t\t<input type=\"hidden\" name=\"post_id\" value=\"9981\"\/>\n\t\t\t<input type=\"hidden\" name=\"form_id\" value=\"d323247\"\/>\n\t\t\t<input type=\"hidden\" name=\"referer_title\" value=\"Kiviks Musteri\" \/>\n\n\t\t\t\n\t\t\t<div class=\"elementor-form-fields-wrapper elementor-labels-above\">\n\t\t\t\t\t\t\t\t<div class=\"elementor-field-type-text elementor-field-group elementor-column elementor-field-group-name elementor-col-50 elementor-field-required\">\n\t\t\t\t\t\t\t\t\t\t\t\t<label for=\"form-field-name\" class=\"elementor-field-label\">\n\t\t\t\t\t\t\t\tF\u00f6rnamn\t\t\t\t\t\t\t<\/label>\n\t\t\t\t\t\t\t\t\t\t\t\t\t\t<input size=\"1\" type=\"text\" name=\"form_fields[name]\" id=\"form-field-name\" class=\"elementor-field elementor-size-md  elementor-field-textual\" placeholder=\"F\u00f6rnamn\" required=\"required\">\n\t\t\t\t\t\t\t\t\t\t\t<\/div>\n\t\t\t\t\t\t\t\t<div class=\"elementor-field-type-text elementor-field-group elementor-column elementor-field-group-field_892184c elementor-col-50 elementor-field-required\">\n\t\t\t\t\t\t\t\t\t\t\t\t<label for=\"form-field-field_892184c\" class=\"elementor-field-label\">\n\t\t\t\t\t\t\t\tEfternamn\t\t\t\t\t\t\t<\/label>\n\t\t\t\t\t\t\t\t\t\t\t\t\t\t<input size=\"1\" type=\"text\" name=\"form_fields[field_892184c]\" id=\"form-field-field_892184c\" class=\"elementor-field elementor-size-md  elementor-field-textual\" placeholder=\"Efternamn\" required=\"required\">\n\t\t\t\t\t\t\t\t\t\t\t<\/div>\n\t\t\t\t\t\t\t\t<div class=\"elementor-field-type-number elementor-field-group elementor-column elementor-field-group-field_fcdd5e9 elementor-col-33 elementor-field-required\">\n\t\t\t\t\t\t\t\t\t\t\t\t<label for=\"form-field-field_fcdd5e9\" class=\"elementor-field-label\">\n\t\t\t\t\t\t\t\tTelefon\t\t\t\t\t\t\t<\/label>\n\t\t\t\t\t\t\t\t\t<input type=\"number\" name=\"form_fields[field_fcdd5e9]\" id=\"form-field-field_fcdd5e9\" class=\"elementor-field elementor-size-md  elementor-field-textual\" placeholder=\"Telefon\" required=\"required\" min=\"\" max=\"\" >\n\t\t\t\t\t\t<\/div>\n\t\t\t\t\t\t\t\t<div class=\"elementor-field-type-text elementor-field-group elementor-column elementor-field-group-email elementor-col-33 elementor-field-required\">\n\t\t\t\t\t\t\t\t\t\t\t\t<label for=\"form-field-email\" class=\"elementor-field-label\">\n\t\t\t\t\t\t\t\tRoll\t\t\t\t\t\t\t<\/label>\n\t\t\t\t\t\t\t\t\t\t\t\t\t\t<input size=\"1\" type=\"text\" name=\"form_fields[email]\" id=\"form-field-email\" class=\"elementor-field elementor-size-md  elementor-field-textual\" placeholder=\"Roll\" required=\"required\">\n\t\t\t\t\t\t\t\t\t\t\t<\/div>\n\t\t\t\t\t\t\t\t<div class=\"elementor-field-type-email elementor-field-group elementor-column elementor-field-group-field_d1e7ce3 elementor-col-33 elementor-field-required\">\n\t\t\t\t\t\t\t\t\t\t\t\t<label for=\"form-field-field_d1e7ce3\" class=\"elementor-field-label\">\n\t\t\t\t\t\t\t\tE-post\t\t\t\t\t\t\t<\/label>\n\t\t\t\t\t\t\t\t\t\t\t\t\t\t<input size=\"1\" type=\"email\" name=\"form_fields[field_d1e7ce3]\" id=\"form-field-field_d1e7ce3\" class=\"elementor-field elementor-size-md  elementor-field-textual\" placeholder=\"E-post\" required=\"required\">\n\t\t\t\t\t\t\t\t\t\t\t<\/div>\n\t\t\t\t\t\t\t\t<div class=\"elementor-field-type-textarea elementor-field-group elementor-column elementor-field-group-field_4f5c411 elementor-col-100 elementor-field-required\">\n\t\t\t\t\t\t\t\t\t\t\t\t<label for=\"form-field-field_4f5c411\" class=\"elementor-field-label\">\n\t\t\t\t\t\t\t\tKort beskrivning av f\u00f6reningen\/aktiviteten\t\t\t\t\t\t\t<\/label>\n\t\t\t\t\t\t<textarea class=\"elementor-field-textual elementor-field  elementor-size-md\" name=\"form_fields[field_4f5c411]\" id=\"form-field-field_4f5c411\" rows=\"4\" placeholder=\"Kort beskrivning av f\u00f6reningen\/aktiviteten\" required=\"required\"><\/textarea>\t\t\t\t<\/div>\n\t\t\t\t\t\t\t\t<div class=\"elementor-field-type-text elementor-field-group elementor-column elementor-field-group-field_6a547c6 elementor-col-50\">\n\t\t\t\t\t\t\t\t\t\t\t\t<label for=\"form-field-field_6a547c6\" class=\"elementor-field-label\">\n\t\t\t\t\t\t\t\tTid eller tidsperiod\t\t\t\t\t\t\t<\/label>\n\t\t\t\t\t\t\t\t\t\t\t\t\t\t<input size=\"1\" type=\"text\" name=\"form_fields[field_6a547c6]\" id=\"form-field-field_6a547c6\" class=\"elementor-field elementor-size-md  elementor-field-textual\" placeholder=\"Tid eller tidsperiod\">\n\t\t\t\t\t\t\t\t\t\t\t<\/div>\n\t\t\t\t\t\t\t\t<div class=\"elementor-field-type-text elementor-field-group elementor-column elementor-field-group-field_a0e9a96 elementor-col-50\">\n\t\t\t\t\t\t\t\t\t\t\t\t<label for=\"form-field-field_a0e9a96\" class=\"elementor-field-label\">\n\t\t\t\t\t\t\t\tVilken m\u00e5lgrupp ska f\u00e5 ta del av sponsringen?\t\t\t\t\t\t\t<\/label>\n\t\t\t\t\t\t\t\t\t\t\t\t\t\t<input size=\"1\" type=\"text\" name=\"form_fields[field_a0e9a96]\" id=\"form-field-field_a0e9a96\" class=\"elementor-field elementor-size-md  elementor-field-textual\" placeholder=\"Vilken m\u00e5lgrupp ska f\u00e5 ta del av sponsringen\">\n\t\t\t\t\t\t\t\t\t\t\t<\/div>\n\t\t\t\t\t\t\t\t<div class=\"elementor-field-type-textarea elementor-field-group elementor-column elementor-field-group-field_90157ba elementor-col-50 elementor-field-required\">\n\t\t\t\t\t\t\t\t\t\t\t\t<label for=\"form-field-field_90157ba\" class=\"elementor-field-label\">\n\t\t\t\t\t\t\t\tTyp av sponsring \t\t\t\t\t\t\t<\/label>\n\t\t\t\t\t\t<textarea class=\"elementor-field-textual elementor-field  elementor-size-md\" name=\"form_fields[field_90157ba]\" id=\"form-field-field_90157ba\" rows=\"4\" placeholder=\"Typ av sponsring \" required=\"required\"><\/textarea>\t\t\t\t<\/div>\n\t\t\t\t\t\t\t\t<div class=\"elementor-field-type-textarea elementor-field-group elementor-column elementor-field-group-field_9c47710 elementor-col-50 elementor-field-required\">\n\t\t\t\t\t\t\t\t\t\t\t\t<label for=\"form-field-field_9c47710\" class=\"elementor-field-label\">\n\t\t\t\t\t\t\t\tMotprestation\t\t\t\t\t\t\t<\/label>\n\t\t\t\t\t\t<textarea class=\"elementor-field-textual elementor-field  elementor-size-md\" name=\"form_fields[field_9c47710]\" id=\"form-field-field_9c47710\" rows=\"4\" placeholder=\"Motprestation\" required=\"required\"><\/textarea>\t\t\t\t<\/div>\n\t\t\t\t\t\t\t\t<div class=\"elementor-field-type-text elementor-field-group elementor-column elementor-field-group-field_50f12c2 elementor-col-50\">\n\t\t\t\t\t\t\t\t\t\t\t\t<label for=\"form-field-field_50f12c2\" class=\"elementor-field-label\">\n\t\t\t\t\t\t\t\tHemsida\t\t\t\t\t\t\t<\/label>\n\t\t\t\t\t\t\t\t\t\t\t\t\t\t<input size=\"1\" type=\"text\" name=\"form_fields[field_50f12c2]\" id=\"form-field-field_50f12c2\" class=\"elementor-field elementor-size-md  elementor-field-textual\" placeholder=\"Hemsida\">\n\t\t\t\t\t\t\t\t\t\t\t<\/div>\n\t\t\t\t\t\t\t\t<div class=\"elementor-field-type-date elementor-field-group elementor-column elementor-field-group-field_c72cfd0 elementor-col-50\">\n\t\t\t\t\t\t\t\t\t\t\t\t<label for=\"form-field-field_c72cfd0\" class=\"elementor-field-label\">\n\t\t\t\t\t\t\t\tDatum\t\t\t\t\t\t\t<\/label>\n\t\t\t\t\t\t\n\t\t<input type=\"date\" name=\"form_fields[field_c72cfd0]\" id=\"form-field-field_c72cfd0\" class=\"elementor-field elementor-size-md  elementor-field-textual elementor-date-field elementor-use-native\" placeholder=\"Datum\" pattern=\"[0-9]{4}-[0-9]{2}-[0-9]{2}\">\n\t\t\t\t\t\t<\/div>\n\t\t\t\t\t\t\t\t<div class=\"elementor-field-type-html elementor-field-group elementor-column elementor-field-group-field_a613dac elementor-col-100\">\n\t\t\t\t\tEventuell bilaga (max 50mb)\t\t\t\t<\/div>\n\t\t\t\t\t\t\t\t<div class=\"elementor-field-type-upload elementor-field-group elementor-column elementor-field-group-field_0716eae elementor-col-50\">\n\t\t\t\t\t\t\t\t\t\t\t\t<label for=\"form-field-field_0716eae\" class=\"elementor-field-label\">\n\t\t\t\t\t\t\t\tFiluppladdning\t\t\t\t\t\t\t<\/label>\n\t\t\t\t\t\t\t\t<input type=\"file\" name=\"form_fields[field_0716eae][]\" id=\"form-field-field_0716eae\" class=\"elementor-field elementor-size-md  elementor-upload-field\" multiple=\"multiple\" data-maxsize=\"50\" data-maxsize-message=\"This file exceeds the maximum allowed size.\">\n\n\t\t\t\t\t\t<\/div>\n\t\t\t\t\t\t\t\t<div class=\"elementor-field-type-acceptance elementor-field-group elementor-column elementor-field-group-field_4df3f52 elementor-col-50\">\n\t\t\t\t\t\t\t\t\t\t\t\t<label for=\"form-field-field_4df3f52\" class=\"elementor-field-label\">\n\t\t\t\t\t\t\t\tGodk\u00e4nn\t\t\t\t\t\t\t<\/label>\n\t\t\t\t\t\t\t\t<div class=\"elementor-field-subgroup\">\n\t\t\t<span class=\"elementor-field-option\">\n\t\t\t\t<input type=\"checkbox\" name=\"form_fields[field_4df3f52]\" id=\"form-field-field_4df3f52\" class=\"elementor-field elementor-size-md  elementor-acceptance-field\">\n\t\t\t\t<label for=\"form-field-field_4df3f52\">Jag godk\u00e4nner h\u00e4rmed Kivik Musteris personuppgiftspolicy.<\/label>\t\t\t<\/span>\n\t\t<\/div>\n\t\t\t\t\t\t<\/div>\n\t\t\t\t\t\t\t\t<div class=\"elementor-field-group elementor-column elementor-field-type-submit elementor-col-100 e-form__buttons\">\n\t\t\t\t\t<button class=\"elementor-button elementor-size-md\" type=\"submit\">\n\t\t\t\t\t\t<span class=\"elementor-button-content-wrapper\">\n\t\t\t\t\t\t\t\t\t\t\t\t\t\t\t\t\t\t\t\t\t\t<span class=\"elementor-button-text\">Skicka<\/span>\n\t\t\t\t\t\t\t\t\t\t\t\t\t<\/span>\n\t\t\t\t\t<\/button>\n\t\t\t\t<\/div>\n\t\t\t<\/div>\n\t\t<\/form>\n\t\t\t\t\t\t<\/div>\n\t\t\t\t<\/div>\n\t\t\t\t\t<\/div>\n\t\t\t\t<\/div>\n\t\t\t\t<\/div>\n\t\t","protected":false},"excerpt":{"rendered":"<p>Skicka en f\u00f6rfr\u00e5gan om Sponsring V\u00e5r sponsring g\u00e5r i linje med v\u00e5r vision, Ett levande \u00d6sterlen. D\u00e4rf\u00f6r vill vi fr\u00e4mja lokala aktiviteter inom f\u00f6reningsliv och kultur s\u00e5 att fler vill verka och bo h\u00e4r. H\u00e4r \u00e4r naturen och utomhusmilj\u00f6n fantastisk, h\u00e4r m\u00e5r man lite b\u00e4ttre. H\u00e4lsa och v\u00e4lbefinnande \u00e4r viktigt, oavsett i vilken form, och [&hellip;]<\/p>\n","protected":false},"author":1,"featured_media":0,"parent":3473,"menu_order":0,"comment_status":"closed","ping_status":"closed","template":"","meta":{"_acf_changed":false,"footnotes":""},"class_list":["post-9981","page","type-page","status-publish","hentry"],"acf":[],"yoast_head":"<!-- This site is optimized with the Yoast SEO plugin v27.5 - https:\/\/yoast.com\/product\/yoast-seo-wordpress\/ -->\n<title>Kontakta oss | Sponsring | Kiviks Musteri<\/title>\n<meta name=\"robots\" content=\"index, follow, max-snippet:-1, max-image-preview:large, max-video-preview:-1\" \/>\n<link rel=\"canonical\" href=\"https:\/\/kiviksmusteri.se\/en\/kontakt\/sponsring\/\" \/>\n<meta property=\"og:locale\" content=\"en_GB\" \/>\n<meta property=\"og:type\" content=\"article\" \/>\n<meta property=\"og:title\" content=\"Kontakta oss | Sponsring | Kiviks Musteri\" \/>\n<meta property=\"og:description\" content=\"Skicka en f\u00f6rfr\u00e5gan om Sponsring V\u00e5r sponsring g\u00e5r i linje med v\u00e5r vision, Ett levande \u00d6sterlen. D\u00e4rf\u00f6r vill vi fr\u00e4mja lokala aktiviteter inom f\u00f6reningsliv och kultur s\u00e5 att fler vill verka och bo h\u00e4r. H\u00e4r \u00e4r naturen och utomhusmilj\u00f6n fantastisk, h\u00e4r m\u00e5r man lite b\u00e4ttre. H\u00e4lsa och v\u00e4lbefinnande \u00e4r viktigt, oavsett i vilken form, och [&hellip;]\" \/>\n<meta property=\"og:url\" content=\"https:\/\/kiviksmusteri.se\/en\/kontakt\/sponsring\/\" \/>\n<meta property=\"og:site_name\" content=\"Kiviks Musteri\" \/>\n<meta property=\"article:publisher\" content=\"https:\/\/www.facebook.com\/KiviksMusteri\" \/>\n<meta property=\"article:modified_time\" content=\"2026-04-10T13:20:58+00:00\" \/>\n<meta property=\"og:image\" content=\"https:\/\/kiviksmusteri.se\/wp-content\/uploads\/2025\/11\/TRADGARD-osterlen-mindre-300dpi-1-e1636641127267.jpg\" \/>\n\t<meta property=\"og:image:width\" content=\"648\" \/>\n\t<meta property=\"og:image:height\" content=\"432\" \/>\n\t<meta property=\"og:image:type\" content=\"image\/webp\" \/>\n<meta name=\"twitter:card\" content=\"summary_large_image\" \/>\n<meta name=\"twitter:label1\" content=\"Estimated reading time\" \/>\n\t<meta name=\"twitter:data1\" content=\"1 minute\" \/>\n<script type=\"application\/ld+json\" class=\"yoast-schema-graph\">{\"@context\":\"https:\\\/\\\/schema.org\",\"@graph\":[{\"@type\":\"WebPage\",\"@id\":\"https:\\\/\\\/kiviksmusteri.se\\\/kontakt\\\/sponsring\\\/\",\"url\":\"https:\\\/\\\/kiviksmusteri.se\\\/kontakt\\\/sponsring\\\/\",\"name\":\"Kontakta oss | Sponsring | Kiviks Musteri\",\"isPartOf\":{\"@id\":\"https:\\\/\\\/kiviksmusteri.se\\\/#website\"},\"datePublished\":\"2025-12-05T12:32:31+00:00\",\"dateModified\":\"2026-04-10T13:20:58+00:00\",\"breadcrumb\":{\"@id\":\"https:\\\/\\\/kiviksmusteri.se\\\/kontakt\\\/sponsring\\\/#breadcrumb\"},\"inLanguage\":\"en-GB\",\"potentialAction\":[{\"@type\":\"ReadAction\",\"target\":[\"https:\\\/\\\/kiviksmusteri.se\\\/kontakt\\\/sponsring\\\/\"]}]},{\"@type\":\"BreadcrumbList\",\"@id\":\"https:\\\/\\\/kiviksmusteri.se\\\/kontakt\\\/sponsring\\\/#breadcrumb\",\"itemListElement\":[{\"@type\":\"ListItem\",\"position\":1,\"name\":\"Hem\",\"item\":\"https:\\\/\\\/kiviksmusteri.se\\\/\"},{\"@type\":\"ListItem\",\"position\":2,\"name\":\"Kontakt\",\"item\":\"https:\\\/\\\/kiviksmusteri.se\\\/kontakt\\\/\"},{\"@type\":\"ListItem\",\"position\":3,\"name\":\"Sponsring\"}]},{\"@type\":\"WebSite\",\"@id\":\"https:\\\/\\\/kiviksmusteri.se\\\/#website\",\"url\":\"https:\\\/\\\/kiviksmusteri.se\\\/\",\"name\":\"Kiviks Musteri\",\"description\":\"\",\"publisher\":{\"@id\":\"https:\\\/\\\/kiviksmusteri.se\\\/#organization\"},\"potentialAction\":[{\"@type\":\"SearchAction\",\"target\":{\"@type\":\"EntryPoint\",\"urlTemplate\":\"https:\\\/\\\/kiviksmusteri.se\\\/?s={search_term_string}\"},\"query-input\":{\"@type\":\"PropertyValueSpecification\",\"valueRequired\":true,\"valueName\":\"search_term_string\"}}],\"inLanguage\":\"en-GB\"},{\"@type\":\"Organization\",\"@id\":\"https:\\\/\\\/kiviksmusteri.se\\\/#organization\",\"name\":\"Kiviks Musteri\",\"url\":\"https:\\\/\\\/kiviksmusteri.se\\\/\",\"logo\":{\"@type\":\"ImageObject\",\"inLanguage\":\"en-GB\",\"@id\":\"https:\\\/\\\/kiviksmusteri.se\\\/#\\\/schema\\\/logo\\\/image\\\/\",\"url\":\"https:\\\/\\\/kiviksmusteri.se\\\/wp-content\\\/uploads\\\/2025\\\/06\\\/apple.svg\",\"contentUrl\":\"https:\\\/\\\/kiviksmusteri.se\\\/wp-content\\\/uploads\\\/2025\\\/06\\\/apple.svg\",\"width\":449,\"height\":525,\"caption\":\"Kiviks Musteri\"},\"image\":{\"@id\":\"https:\\\/\\\/kiviksmusteri.se\\\/#\\\/schema\\\/logo\\\/image\\\/\"},\"sameAs\":[\"https:\\\/\\\/www.facebook.com\\\/KiviksMusteri\",\"https:\\\/\\\/www.instagram.com\\\/kiviksmusteri\\\/\",\"https:\\\/\\\/www.youtube.com\\\/@kiviksmusteri6272\",\"https:\\\/\\\/se.linkedin.com\\\/company\\\/kiviks-musteri\"]}]}<\/script>\n<!-- \/ Yoast SEO plugin. -->","yoast_head_json":{"title":"Kontakta oss | Sponsring | Kiviks Musteri","robots":{"index":"index","follow":"follow","max-snippet":"max-snippet:-1","max-image-preview":"max-image-preview:large","max-video-preview":"max-video-preview:-1"},"canonical":"https:\/\/kiviksmusteri.se\/en\/kontakt\/sponsring\/","og_locale":"en_GB","og_type":"article","og_title":"Kontakta oss | Sponsring | Kiviks Musteri","og_description":"Skicka en f\u00f6rfr\u00e5gan om Sponsring V\u00e5r sponsring g\u00e5r i linje med v\u00e5r vision, Ett levande \u00d6sterlen. D\u00e4rf\u00f6r vill vi fr\u00e4mja lokala aktiviteter inom f\u00f6reningsliv och kultur s\u00e5 att fler vill verka och bo h\u00e4r. H\u00e4r \u00e4r naturen och utomhusmilj\u00f6n fantastisk, h\u00e4r m\u00e5r man lite b\u00e4ttre. H\u00e4lsa och v\u00e4lbefinnande \u00e4r viktigt, oavsett i vilken form, och [&hellip;]","og_url":"https:\/\/kiviksmusteri.se\/en\/kontakt\/sponsring\/","og_site_name":"Kiviks Musteri","article_publisher":"https:\/\/www.facebook.com\/KiviksMusteri","article_modified_time":"2026-04-10T13:20:58+00:00","og_image":[{"width":648,"height":432,"url":"https:\/\/kiviksmusteri.se\/wp-content\/uploads\/2025\/11\/TRADGARD-osterlen-mindre-300dpi-1-e1636641127267.jpg","type":"image\/webp"}],"twitter_card":"summary_large_image","twitter_misc":{"Estimated reading time":"1 minute"},"schema":{"@context":"https:\/\/schema.org","@graph":[{"@type":"WebPage","@id":"https:\/\/kiviksmusteri.se\/kontakt\/sponsring\/","url":"https:\/\/kiviksmusteri.se\/kontakt\/sponsring\/","name":"Kontakta oss | Sponsring | Kiviks Musteri","isPartOf":{"@id":"https:\/\/kiviksmusteri.se\/#website"},"datePublished":"2025-12-05T12:32:31+00:00","dateModified":"2026-04-10T13:20:58+00:00","breadcrumb":{"@id":"https:\/\/kiviksmusteri.se\/kontakt\/sponsring\/#breadcrumb"},"inLanguage":"en-GB","potentialAction":[{"@type":"ReadAction","target":["https:\/\/kiviksmusteri.se\/kontakt\/sponsring\/"]}]},{"@type":"BreadcrumbList","@id":"https:\/\/kiviksmusteri.se\/kontakt\/sponsring\/#breadcrumb","itemListElement":[{"@type":"ListItem","position":1,"name":"Hem","item":"https:\/\/kiviksmusteri.se\/"},{"@type":"ListItem","position":2,"name":"Kontakt","item":"https:\/\/kiviksmusteri.se\/kontakt\/"},{"@type":"ListItem","position":3,"name":"Sponsring"}]},{"@type":"WebSite","@id":"https:\/\/kiviksmusteri.se\/#website","url":"https:\/\/kiviksmusteri.se\/","name":"Kiviks Musteri","description":"","publisher":{"@id":"https:\/\/kiviksmusteri.se\/#organization"},"potentialAction":[{"@type":"SearchAction","target":{"@type":"EntryPoint","urlTemplate":"https:\/\/kiviksmusteri.se\/?s={search_term_string}"},"query-input":{"@type":"PropertyValueSpecification","valueRequired":true,"valueName":"search_term_string"}}],"inLanguage":"en-GB"},{"@type":"Organization","@id":"https:\/\/kiviksmusteri.se\/#organization","name":"Kiviks Musteri","url":"https:\/\/kiviksmusteri.se\/","logo":{"@type":"ImageObject","inLanguage":"en-GB","@id":"https:\/\/kiviksmusteri.se\/#\/schema\/logo\/image\/","url":"https:\/\/kiviksmusteri.se\/wp-content\/uploads\/2025\/06\/apple.svg","contentUrl":"https:\/\/kiviksmusteri.se\/wp-content\/uploads\/2025\/06\/apple.svg","width":449,"height":525,"caption":"Kiviks Musteri"},"image":{"@id":"https:\/\/kiviksmusteri.se\/#\/schema\/logo\/image\/"},"sameAs":["https:\/\/www.facebook.com\/KiviksMusteri","https:\/\/www.instagram.com\/kiviksmusteri\/","https:\/\/www.youtube.com\/@kiviksmusteri6272","https:\/\/se.linkedin.com\/company\/kiviks-musteri"]}]}},"_links":{"self":[{"href":"https:\/\/kiviksmusteri.se\/en\/wp-json\/wp\/v2\/pages\/9981","targetHints":{"allow":["GET"]}}],"collection":[{"href":"https:\/\/kiviksmusteri.se\/en\/wp-json\/wp\/v2\/pages"}],"about":[{"href":"https:\/\/kiviksmusteri.se\/en\/wp-json\/wp\/v2\/types\/page"}],"author":[{"embeddable":true,"href":"https:\/\/kiviksmusteri.se\/en\/wp-json\/wp\/v2\/users\/1"}],"replies":[{"embeddable":true,"href":"https:\/\/kiviksmusteri.se\/en\/wp-json\/wp\/v2\/comments?post=9981"}],"version-history":[{"count":70,"href":"https:\/\/kiviksmusteri.se\/en\/wp-json\/wp\/v2\/pages\/9981\/revisions"}],"predecessor-version":[{"id":14225,"href":"https:\/\/kiviksmusteri.se\/en\/wp-json\/wp\/v2\/pages\/9981\/revisions\/14225"}],"up":[{"embeddable":true,"href":"https:\/\/kiviksmusteri.se\/en\/wp-json\/wp\/v2\/pages\/3473"}],"wp:attachment":[{"href":"https:\/\/kiviksmusteri.se\/en\/wp-json\/wp\/v2\/media?parent=9981"}],"curies":[{"name":"wp","href":"https:\/\/api.w.org\/{rel}","templated":true}]}}